
{"id":10057,"date":"2022-04-11T16:57:07","date_gmt":"2022-04-11T06:57:07","guid":{"rendered":"https:\/\/flexitol.ca\/plan-du-site\/"},"modified":"2025-08-25T14:46:50","modified_gmt":"2025-08-25T04:46:50","slug":"plan-du-site","status":"publish","type":"page","link":"https:\/\/flexitol.ca\/fr\/plan-du-site\/","title":{"rendered":"Plan du site"},"content":{"rendered":"<div class=\"wrap-html-sitemap sp-html-sitemap\"><div class=\"sp-wrap-cpt\"><h2 class=\"sp-cpt-name\">Pages<\/h2><ul class=\"sp-list-posts sp-cpt-hierarchical\"><li class=\"page_item page-item-13299\"><a href=\"https:\/\/flexitol.ca\/fr\/soins-de-la-peau-multi-recompenses\/\">Soins de la peau multi-r\u00e9compens\u00e9s<\/a><\/li><li class=\"page_item page-item-12064\"><a href=\"https:\/\/flexitol.ca\/fr\/ingredients-de-soins-de-la-peau\/\">Ingr\u00e9dients de soins de la peau<\/a><\/li><li class=\"page_item page-item-10057\"><a href=\"https:\/\/flexitol.ca\/fr\/plan-du-site\/\">Plan du site<\/a><\/li><li class=\"page_item page-item-9473\"><a href=\"https:\/\/flexitol.ca\/fr\/\">Page d\u2019accueil<\/a><\/li><li class=\"page_item page-item-9624\"><a href=\"https:\/\/flexitol.ca\/fr\/trouver-en-magasin\/\">Trouver en magasin<\/a><\/li><li class=\"page_item page-item-9413\"><a href=\"https:\/\/flexitol.ca\/fr\/contactez-nous\/\">Contactez-nous<\/a><\/li><li class=\"page_item page-item-9419\"><a href=\"https:\/\/flexitol.ca\/fr\/toutes-les-conditions\/\">Toutes les affections<\/a><\/li><li class=\"page_item page-item-9644\"><a href=\"https:\/\/flexitol.ca\/fr\/dans-les-medias\/\">Dans les m\u00e9dias<\/a><\/li><li class=\"page_item page-item-10059\"><a href=\"https:\/\/flexitol.ca\/fr\/centre-de-connaissances\/\">Centre de connaissances<\/a><\/li><li class=\"page_item page-item-10061\"><a href=\"https:\/\/flexitol.ca\/fr\/notre-histoire\/\">Notre histoire<\/a><\/li><li class=\"page_item page-item-9577\"><a href=\"https:\/\/flexitol.ca\/fr\/tous-les-produits\/\">Tous les produits<\/a><\/li><li class=\"page_item page-item-10071\"><a href=\"https:\/\/flexitol.ca\/fr\/politique-de-confidentialite\/\">Politique de confidentialit\u00e9<\/a><\/li><li class=\"page_item page-item-10063\"><a href=\"https:\/\/flexitol.ca\/fr\/politique-en-matiere-de-temoins\/\">Politique en mati\u00e8re de t\u00e9moins<\/a><\/li><li class=\"page_item page-item-10065\"><a href=\"https:\/\/flexitol.ca\/fr\/conditions-dutilisation\/\">Conditions d&#8217;utilisation<\/a><\/li><li class=\"page_item page-item-10992\"><a href=\"https:\/\/flexitol.ca\/fr\/tous-les-auteurs\/\">Tous les auteurs<\/a><\/li><\/ul><\/div><div class=\"sp-wrap-cpt\"><h2 class=\"sp-cpt-name\">Products<\/h2><ul class=\"sp-list-posts\"><li><a href=\"https:\/\/flexitol.ca\/fr\/produit\/baume-a-levres-original\/\">Baume pour les l\u00e8vres \u2013 original<\/a><\/li><li><a href=\"https:\/\/flexitol.ca\/fr\/produit\/baie-de-baume-a-levres\/\">Baume pour les l\u00e8vres \u00e0 saveur de baies<\/a><\/li><li><a href=\"https:\/\/flexitol.ca\/fr\/produit\/creme-deczema-pour-le-visage-et-les-paupieres\/\">Cr\u00e8me contre l\u2019ecz\u00e9ma pour le visage et les paupi\u00e8res<\/a><\/li><li><a href=\"https:\/\/flexitol.ca\/fr\/produit\/shampoing-et-revitalisant-apaisant-pour-cuir-chevelu\/\">Shampoing et revitalisant apaisant pour cuir chevelu<\/a><\/li><li><a href=\"https:\/\/flexitol.ca\/fr\/produit\/serum-apaisant-pour-cuir-chevelu\/\">S\u00e9rum apaisant pour cuir chevelu<\/a><\/li><li><a href=\"https:\/\/flexitol.ca\/fr\/produit\/creme-contre-leczema-et-la-dermatite\/\">Cr\u00e8me contre l\u2019ecz\u00e9ma et la dermatite<\/a><\/li><li><a href=\"https:\/\/flexitol.ca\/fr\/produit\/lotion-contre-leczema-et-la-dermatite\/\">Lotion contre l\u2019ecz\u00e9ma et la dermatite<\/a><\/li><li><a href=\"https:\/\/flexitol.ca\/fr\/produit\/baume-pour-les-talons\/\">Baume pour les talons<\/a><\/li><li><a href=\"https:\/\/flexitol.ca\/fr\/produit\/liquide-antifongique\/\">Liquide antifongique<\/a><\/li><li><a href=\"https:\/\/flexitol.ca\/fr\/produit\/magie-pour-les-talons\/\">Magie pour les talons<\/a><\/li><li><a href=\"https:\/\/flexitol.ca\/fr\/produit\/lotion-pour-la-peau-tres-seche\/\">Lotion pour la peau tr\u00e8s s\u00e8che<\/a><\/li><li><a href=\"https:\/\/flexitol.ca\/fr\/produit\/creme-pour-la-peau-tres-seche\/\">Cr\u00e8me pour la peau tr\u00e8s s\u00e8che<\/a><\/li><li><a href=\"https:\/\/flexitol.ca\/fr\/produit\/nettoyant-pour-la-peau-sensible\/\">Nettoyant pour la peau sensible<\/a><\/li><li><a href=\"https:\/\/flexitol.ca\/fr\/produit\/lotion-pour-la-peau-sensible\/\">Lotion pour la peau sensible<\/a><\/li><li><a href=\"https:\/\/flexitol.ca\/fr\/produit\/baume-pour-les-levres-a-saveur-de-menthe\/\">Baume pour les l\u00e8vres \u00e0 saveur de menthe<\/a><\/li><li><a href=\"https:\/\/flexitol.ca\/fr\/produit\/creme-antifongique-medicamentee\/\">Cr\u00e8me antifongique m\u00e9dicament\u00e9e<\/a><\/li><li><a href=\"https:\/\/flexitol.ca\/fr\/produit\/poudre-en-aerosol-contre-les-odeurs-pour-les-pieds\/\">Poudre en a\u00e9rosol contre les odeurs pour les pieds<\/a><\/li><li><a href=\"https:\/\/flexitol.ca\/fr\/produit\/lotion-hydratante-contre-leczema\/\">Lotion hydratante contre l\u2019ecz\u00e9ma<\/a><\/li><li><a href=\"https:\/\/flexitol.ca\/fr\/produit\/shampooing-et-nettoyant-pour-le-corps-contre-leczema\/\">Shampooing et nettoyant pour le corps contre l\u2019ecz\u00e9ma<\/a><\/li><li><a href=\"https:\/\/flexitol.ca\/fr\/produit\/creme-apaisante-contre-leczema\/\">Cr\u00e8me apaisante contre l\u2019ecz\u00e9ma<\/a><\/li><\/ul><\/div><div class=\"sp-wrap-cpt\"><h2 class=\"sp-cpt-name\">Articles<\/h2><ul class=\"sp-list-posts sp-cpt-hierarchical\"><li class=\"page_item page-item-13651\"><a href=\"https:\/\/flexitol.ca\/fr\/article\/les-ingredients-a-utiliser-et-a-eviter-autour-des-yeux\/\">Les ingr\u00e9dients \u00e0 utiliser et \u00e0 \u00e9viter autour des yeux<\/a><\/li><li class=\"page_item page-item-12747\"><a href=\"https:\/\/flexitol.ca\/fr\/article\/une-peau-prete-pour-les-festivals-comment-garder-la-peau-de-vos-mains-de-vos-pieds-et-de-vos-levres-douce-pour-lete\/\">Une peau pr\u00eate pour les festivals : Comment garder la peau de vos mains, de vos pieds et de vos l\u00e8vres douce pour l\u2019\u00e9t\u00e9<\/a><\/li><li class=\"page_item page-item-12746\"><a href=\"https:\/\/flexitol.ca\/fr\/article\/les-causes-les-plus-courantes-de-la-demangeaison-du-cuir-chevelu-et-comment-la-traiter\/\">Les causes les plus courantes de la d\u00e9mangeaison du cuir chevelu et comment la traiter<\/a><\/li><li class=\"page_item page-item-12685\"><a href=\"https:\/\/flexitol.ca\/fr\/article\/oubliez-les-bas-offrez-a-papa-des-soins-quil-va-vraiment-utiliser\/\">Oubliez les bas \u2013 Offrez \u00e0 papa des soins qu\u2019il va vraiment utiliser<\/a><\/li><li class=\"page_item page-item-12606\"><a href=\"https:\/\/flexitol.ca\/fr\/article\/le-traitement-de-la-mycose-des-ongles-juste-a-temps-pour-lete\/\">Le traitement de la mycose des ongles\u00a0: Juste \u00e0 temps pour l\u2019\u00e9t\u00e9<\/a><\/li><li class=\"page_item page-item-12602\"><a href=\"https:\/\/flexitol.ca\/fr\/article\/la-mycose-des-ongles-vernis-ou-comprimes-votre-guide-pour-choisir-un-traitement-efficace\/\">La mycose des ongles : vernis ou comprim\u00e9s? Votre guide pour choisir un traitement efficace<\/a><\/li><li class=\"page_item page-item-12468\"><a href=\"https:\/\/flexitol.ca\/fr\/article\/petits-corps-heureux-de-flexitol-les-arguments-en-faveur-de-la-gamme-pour-enfants\/\">Petits corps heureux de Flexitol \u2013 Les arguments en faveur de la gamme pour enfants<\/a><\/li><li class=\"page_item page-item-12156\"><a href=\"https:\/\/flexitol.ca\/fr\/article\/la-verite-a-propos-des-pellicules-les-causes-les-solutions-et-pourquoi-vous-avez-besoin-dun-shampooing-antifongique-et-exfoliant\/\">La v\u00e9rit\u00e9 \u00e0 propos des pellicules\u00a0: Les causes, les solutions et pourquoi vous avez besoin d\u2019un shampooing antifongique et exfoliant<\/a><\/li><li class=\"page_item page-item-12155\"><a href=\"https:\/\/flexitol.ca\/fr\/article\/luree-ou-les-acides-dans-les-soins-cutanes-quelle-est-la-difference\/\">L\u2019ur\u00e9e ou les \u00ab acides \u00bb dans les soins cutan\u00e9s\u00a0: Quelle est la diff\u00e9rence?<\/a><\/li><li class=\"page_item page-item-12150\"><a href=\"https:\/\/flexitol.ca\/fr\/article\/soins-du-cuir-chevelu-101-tout-ce-que-vous-devez-savoir-pour-avoir-un-cuir-chevelu-en-sante\/\">Soins du cuir chevelu 101 : Tout ce que vous devez savoir pour avoir un cuir chevelu en sant\u00e9<\/a><\/li><li class=\"page_item page-item-12148\"><a href=\"https:\/\/flexitol.ca\/fr\/article\/comment-combattre-la-secheresse-et-la-demangeaison-du-cuir-chevelu-causees-par-le-tissage-des-cheveux-les-extensions-et-les-coiffures-protectrices\/\">Comment combattre la s\u00e9cheresse et la d\u00e9mangeaison du cuir chevelu caus\u00e9es par le tissage des cheveux, les extensions et les coiffures protectrices<\/a><\/li><li class=\"page_item page-item-12146\"><a href=\"https:\/\/flexitol.ca\/fr\/article\/comprendre-les-causes-de-la-demangeaison-du-cuir-chevelu-les-declencheurs-et-les-remedes-courants\/\">Comprendre les causes de la d\u00e9mangeaison du cuir chevelu : Les d\u00e9clencheurs et les rem\u00e8des courants<\/a><\/li><li class=\"page_item page-item-12143\"><a href=\"https:\/\/flexitol.ca\/fr\/article\/pourquoi-luree-est-elle-lingredient-magique-pour-traiter-la-peau-fendillee-des-talons\/\">Pourquoi l&#8217;ur\u00e9e est-elle l&#8217;ingr\u00e9dient magique pour traiter la peau fendill\u00e9e des talons<\/a><\/li><li class=\"page_item page-item-12767\"><a href=\"https:\/\/flexitol.ca\/fr\/article\/comment-etablir-une-routine-simple-de-soins-cutanes-adaptes-a-leczema-chez-les-enfants\/\">Comment \u00e9tablir une routine simple de soins cutan\u00e9s adapt\u00e9s \u00e0 l\u2019ecz\u00e9ma chez les enfants<\/a><\/li><li class=\"page_item page-item-12925\"><a href=\"https:\/\/flexitol.ca\/fr\/article\/soins-de-la-peau-luxe-vs-abordables\/\">Les soins de la peau de luxe par rapport \u00e0 abordables : Pourquoi les ingr\u00e9dients sont-ils plus importants que le prix?<\/a><\/li><li class=\"page_item page-item-13644\"><a href=\"https:\/\/flexitol.ca\/fr\/article\/leczema-sur-les-paupieres-les-causes-et-les-symptomes\/\">L\u2019ecz\u00e9ma sur les paupi\u00e8res : Les causes et les sympt\u00f4mes<\/a><\/li><li class=\"page_item page-item-13635\"><a href=\"https:\/\/flexitol.ca\/fr\/article\/comment-gerer-et-traiter-leczema-autour-des-yeux-en-toute-securite\/\">Comment g\u00e9rer et traiter l&#8217;ecz\u00e9ma autour des yeux en toute s\u00e9curit\u00e9?<\/a><\/li><li class=\"page_item page-item-13382\"><a href=\"https:\/\/flexitol.ca\/fr\/article\/cadeaux-de-noel-a-glisser-dans-les-chaussettes-soins-de-la-peau-pour-les-fetes\/\">Des babioles de bas de No\u00ebl : Des cadeaux pour les soins de la peau \u00e0 offrir \u00e0 vos proches pendant les F\u00eates!<\/a><\/li><li class=\"page_item page-item-13247\"><a href=\"https:\/\/flexitol.ca\/fr\/article\/quest-ce-que-luree\/\">Qu\u2019est-ce que l\u2019ur\u00e9e?<\/a><ul class='children'><li class=\"page_item page-item-13277\"><a href=\"https:\/\/flexitol.ca\/fr\/article\/luree-par-rapport-a-dautres-hydratants\/\">L&#8217;ur\u00e9e par rapport \u00e0 d&#8217;autres hydratants<\/a><\/li><li class=\"page_item page-item-13273\"><a href=\"https:\/\/flexitol.ca\/fr\/article\/les-bienfaits-de-luree-pour-hydrater-la-peau\/\">Les bienfaits de l&#8217;ur\u00e9e pour hydrater la peau<\/a><\/li><li class=\"page_item page-item-13269\"><a href=\"https:\/\/flexitol.ca\/fr\/article\/luree-pour-la-peau-seche-une-analyse-poussee\/\">L&#8217;ur\u00e9e pour la peau s\u00e8che : Une analyse pouss\u00e9e<\/a><\/li><li class=\"page_item page-item-13264\"><a href=\"https:\/\/flexitol.ca\/fr\/article\/comment-incorporer-luree-dans-votre-routine-de-soins-de-la-peau\/\">Comment incorporer l&#8217;ur\u00e9e dans votre routine de soins de la peau<\/a><\/li><li class=\"page_item page-item-13259\"><a href=\"https:\/\/flexitol.ca\/fr\/article\/les-mythes-courants-sur-luree-dans-les-soins-de-la-peau\/\">Les mythes courants sur l&#8217;ur\u00e9e dans les soins de la peau<\/a><\/li><li class=\"page_item page-item-13254\"><a href=\"https:\/\/flexitol.ca\/fr\/article\/lusage-de-luree-pour-des-affections-cutanees-specifiques-leczema-et-le-psoriasis\/\">L\u2019usage de l\u2019ur\u00e9e pour des affections cutan\u00e9es sp\u00e9cifiques\u00a0: L\u2019ecz\u00e9ma et le psoriasis<\/a><\/li><li class=\"page_item page-item-12940\"><a href=\"https:\/\/flexitol.ca\/fr\/article\/baume-a-levres-a-luree\/\">Un baume pour les l\u00e8vres \u00e0 l&#8217;ur\u00e9e : la solution ultime pour les l\u00e8vres s\u00e8ches et gerc\u00e9es<\/a><\/li><\/ul><\/li><li class=\"page_item page-item-12952\"><a href=\"https:\/\/flexitol.ca\/fr\/article\/skinification-du-cuir-chevelu\/\">La skinification du cuir chevelu : Le nouveau rituel de soins de la peau que vous devez conna\u00eetre<\/a><\/li><li class=\"page_item page-item-12100\"><a href=\"https:\/\/flexitol.ca\/fr\/article\/comment-soigner-les-mains-comment-le-baume-pour-les-mains-peut-il-apaiser-et-reparer-la-peau-abimee\/\">Comment soigner les mains : Comment le Baume pour les mains peut-il apaiser et r\u00e9parer la peau ab\u00eem\u00e9e<\/a><\/li><li class=\"page_item page-item-12097\"><a href=\"https:\/\/flexitol.ca\/fr\/article\/comment-prevenir-la-peau-tres-seche-des-conseils-proactifs-et-des-habitudes-au-quotidien\/\">Comment pr\u00e9venir la peau tr\u00e8s s\u00e8che\u00a0: Des conseils proactifs et des habitudes au quotidien<\/a><\/li><li class=\"page_item page-item-12094\"><a href=\"https:\/\/flexitol.ca\/fr\/article\/la-peau-sensible-101-les-causes-les-symptomes-et-les-traitements\/\">La peau sensible 101 : Les causes, les sympt\u00f4mes et les traitements<\/a><\/li><li class=\"page_item page-item-11146\"><a href=\"https:\/\/flexitol.ca\/fr\/article\/pourquoi-pouvons-nous-souffrir-dune-infection-fongique-aux-ongles\/\">Pourquoi pouvons-nous souffrir d\u2019une infection fongique aux ongles?<\/a><\/li><li class=\"page_item page-item-11145\"><a href=\"https:\/\/flexitol.ca\/fr\/article\/les-infections-fongiques-des-ongles-mythes-et-faits\/\">Les infections fongiques des ongles\u00a0: Mythes et \u00a0faits<\/a><\/li><li class=\"page_item page-item-11140\"><a href=\"https:\/\/flexitol.ca\/fr\/article\/les-8-principaux-faits-amusants-sur-le-soin-des-levres\/\">Les 8 principaux faits amusants sur le soin des l\u00e8vres<\/a><\/li><li class=\"page_item page-item-11137\"><a href=\"https:\/\/flexitol.ca\/fr\/article\/les-bienfaits-cles-du-baume-pour-les-levres-sur-les-levres-seches\/\">Les bienfaits cl\u00e9s du Baume pour les l\u00e8vres sur les l\u00e8vres s\u00e8ches<\/a><\/li><li class=\"page_item page-item-11136\"><a href=\"https:\/\/flexitol.ca\/fr\/article\/quelle-est-la-difference-entre-leczema-et-le-psoriasis\/\">Quelle est la diff\u00e9rence entre l&#8217;ecz\u00e9ma et le psoriasis ?<\/a><\/li><li class=\"page_item page-item-11133\"><a href=\"https:\/\/flexitol.ca\/fr\/article\/leffet-de-leczema-sur-la-sante-mentale\/\">L\u2019effet de l\u2019ecz\u00e9ma sur la sant\u00e9 mentale<\/a><\/li><li class=\"page_item page-item-11123\"><a href=\"https:\/\/flexitol.ca\/fr\/article\/devriez-vous-porter-des-bas-apres-avoir-applique-du-baume-pour-les-talons\/\">Devriez-vous porter des bas apr\u00e8s avoir appliqu\u00e9 du baume pour les talons?<\/a><\/li><li class=\"page_item page-item-11119\"><a href=\"https:\/\/flexitol.ca\/fr\/article\/quelles-sont-les-causes-et-quels-sont-les-remedes-aux-pieds-et-aux-talons-secs-et-fendilles\/\">Quelles sont les causes et quels sont les rem\u00e8des aux pieds et aux talons secs et fendill\u00e9s?<\/a><\/li><li class=\"page_item page-item-11022\"><a href=\"https:\/\/flexitol.ca\/fr\/article\/flexitol-remporte-le-prix-du-meilleur-produit-de-soins-du-cuir-chevelu-pour-son-serum-apaisant-pour-le-cuir-chevelu\/\">Flexitol remporte le prix du meilleur produit de soins du cuir chevelu pour son S\u00e9rum apaisant pour le cuir chevelu<\/a><\/li><li class=\"page_item page-item-11004\"><a href=\"https:\/\/flexitol.ca\/fr\/article\/le-baume-pour-les-levres-de-flexitol-plusieurs-fois-prime\/\">Le Baume pour les l\u00e8vres de Flexitol, plusieurs fois prim\u00e9<\/a><\/li><li class=\"page_item page-item-11000\"><a href=\"https:\/\/flexitol.ca\/fr\/article\/sante-des-pieds-des-athletes-traitement-et-prevention-des-talons-crevasses\/\">Sant\u00e9 des pieds des athl\u00e8tes : Traitement et pr\u00e9vention des talons crevass\u00e9s<\/a><\/li><li class=\"page_item page-item-10929\"><a href=\"https:\/\/flexitol.ca\/fr\/article\/des-pieds-prets-pour-lete-preparez-vos-talons-pour-la-saison-des-sandales\/\">Des pieds pr\u00eats pour l\u2019\u00e9t\u00e9\u00a0: Pr\u00e9parez vos talons pour la saison des sandales<\/a><\/li><li class=\"page_item page-item-11264\"><a href=\"https:\/\/flexitol.ca\/fr\/article\/comment-gerer-les-pieds-secs-et-les-talons-fendilles-dus-au-diabete\/\">Comment g\u00e9rer les pieds secs et les talons fendill\u00e9s dus au diab\u00e8te<\/a><\/li><li class=\"page_item page-item-11269\"><a href=\"https:\/\/flexitol.ca\/fr\/article\/comment-le-produit-pour-les-pieds-le-baume-pour-les-talons-agit-il-sur-les-talons-fendilles\/\">Comment le produit pour les pieds, le Baume pour les talons agit-il sur les talons fendill\u00e9s<\/a><\/li><li class=\"page_item page-item-12091\"><a href=\"https:\/\/flexitol.ca\/fr\/article\/un-guide-pour-les-diabetiques-et-sur-les-soins-de-leurs-pieds\/\">Un guide pour les diab\u00e9tiques et sur les soins de leurs pieds<\/a><\/li><li class=\"page_item page-item-12088\"><a href=\"https:\/\/flexitol.ca\/fr\/article\/fiere-de-soutenir-leczema-association-of-australasia-eaa\/\">Fi\u00e8re de soutenir l\u2019Eczema Association of Australasia (EAA)<\/a><\/li><li class=\"page_item page-item-11781\"><a href=\"https:\/\/flexitol.ca\/fr\/article\/le-role-de-lhydratation-dans-la-sante-du-cuir-chevelu-des-conseils-essentiels\/\">Le r\u00f4le de l\u2019hydratation dans la sant\u00e9 du cuir chevelu\u00a0: Des conseils essentiels<\/a><\/li><li class=\"page_item page-item-11780\"><a href=\"https:\/\/flexitol.ca\/fr\/article\/trouver-un-soulagement-avec-le-shampooing-apaisant-pour-le-cuir-chevelu-les-ingredients-et-les-bienfaits\/\">Trouver un soulagement avec le Shampooing apaisant pour le cuir chevelu\u00a0: Les ingr\u00e9dients et les bienfaits<\/a><\/li><li class=\"page_item page-item-11777\"><a href=\"https:\/\/flexitol.ca\/fr\/article\/comment-lutter-contre-la-desquamation-avec-le-shampooing-apaisant-pour-le-cuir-chevelu-ce-qui-fonctionne-le-mieux\/\">Comment lutter contre la desquamation avec le Shampooing apaisant pour le cuir chevelu\u00a0: Ce qui fonctionne le mieux<\/a><\/li><li class=\"page_item page-item-11774\"><a href=\"https:\/\/flexitol.ca\/fr\/article\/comment-soigner-leczema-sur-les-paupieres\/\">Comment soigner l\u2019ecz\u00e9ma sur les paupi\u00e8res<\/a><\/li><li class=\"page_item page-item-11770\"><a href=\"https:\/\/flexitol.ca\/fr\/article\/comment-gerer-la-peau-seche-et-qui-demange-pendant-des-traitements-de-chimiotherapie\/\">Comment g\u00e9rer la peau s\u00e8che et qui d\u00e9mange pendant des traitements de chimioth\u00e9rapie<\/a><\/li><li class=\"page_item page-item-11485\"><a href=\"https:\/\/flexitol.ca\/fr\/article\/des-conseils-pour-proteger-votre-peau-par-temps-froid\/\">Des conseils pour prot\u00e9ger votre peau par temps froid<\/a><\/li><li class=\"page_item page-item-11460\"><a href=\"https:\/\/flexitol.ca\/fr\/article\/un-programme-de-soins-doux-pour-la-peau-pour-les-patients-en-chimiotherapie\/\">Un programme de soins doux pour la peau pour les patients en chimioth\u00e9rapie<\/a><\/li><li class=\"page_item page-item-11325\"><a href=\"https:\/\/flexitol.ca\/fr\/article\/liberez-le-pouvoir-de-la-piroctone-olamine-ses-bienfaits-pour-la-sante-des-cheveux-prouves-par-la-science\/\">Lib\u00e9rez le pouvoir de la piroctone olamine : Ses bienfaits pour la sant\u00e9 des cheveux prouv\u00e9s par la science<\/a><\/li><li class=\"page_item page-item-11315\"><a href=\"https:\/\/flexitol.ca\/fr\/article\/noubliez-pas-loriginal-les-bienfaits-de-luree-pour-la-peau-prouves-par-la-science\/\">N&#8217;oubliez pas l&#8217;original : Les bienfaits de l&#8217;ur\u00e9e pour la peau, prouv\u00e9s par la science<\/a><\/li><li class=\"page_item page-item-11273\"><a href=\"https:\/\/flexitol.ca\/fr\/article\/pourquoi-la-peau-de-vos-pieds-et-de-vos-talons-se-fissure-t-elle-et-se-fendille-t-elle\/\">Pourquoi la peau de vos pieds et de vos talons se fissure-t-elle et se fendille-t-elle?<\/a><\/li><li class=\"page_item page-item-9425\"><a href=\"https:\/\/flexitol.ca\/fr\/article\/cinq-conseils-pour-une-peau-plus-jeune\/\">Cinq conseils \u00e0 suivre en mati\u00e8re de rajeunissement de la peau<\/a><\/li><\/ul><\/div><div class=\"sp-wrap-cpt\"><h2 class=\"sp-cpt-name\">Conditions<\/h2><ul class=\"sp-list-posts\"><li><a href=\"https:\/\/flexitol.ca\/fr\/conditions\/levres-gercees\/\">L\u00e8vres gerc\u00e9es<\/a><\/li><li><a href=\"https:\/\/flexitol.ca\/fr\/conditions\/la-demangeaison-du-cuir-chevelu\/\">La d\u00e9mangeaison du cuir chevelu<\/a><\/li><li><a href=\"https:\/\/flexitol.ca\/fr\/conditions\/usage-quotidien\/\">Usage quotidien<\/a><\/li><li><a href=\"https:\/\/flexitol.ca\/fr\/conditions\/peau-sujette-a-leczema\/\">Peau sujette \u00e0 l\u2019ecz\u00e9ma<\/a><\/li><li><a href=\"https:\/\/flexitol.ca\/fr\/conditions\/peau-sensible\/\">Peau sensible<\/a><\/li><li><a href=\"https:\/\/flexitol.ca\/fr\/conditions\/peau-tres-seche\/\">Peau tr\u00e8s s\u00e8che<\/a><\/li><\/ul><\/div><div class=\"sp-wrap-cpt\"><h2 class=\"sp-cpt-name\">Areas<\/h2><ul class=\"sp-list-posts\"><li><a href=\"https:\/\/flexitol.ca\/fr\/domaine\/notre-gamme-pour-le-corps\/\">Notre gamme pour le corps<\/a><\/li><li><a href=\"https:\/\/flexitol.ca\/fr\/domaine\/notre-gamme-pour-le-visage-et-les-levres\/\">Notre gamme pour le visage et les l\u00e8vres<\/a><\/li><li><a href=\"https:\/\/flexitol.ca\/fr\/domaine\/notre-gamme-pour-les-pieds\/\">Notre gamme pour les pieds<\/a><\/li><li><a href=\"https:\/\/flexitol.ca\/fr\/domaine\/notre-gamme-pour-les-mains\/\">Notre gamme pour les mains<\/a><\/li><li><a href=\"https:\/\/flexitol.ca\/fr\/domaine\/notre-gamme-pour-enfants\/\">Notre gamme pour enfants<\/a><\/li><li><a href=\"https:\/\/flexitol.ca\/fr\/domaine\/notre-gamme-de-soins-capillaires\/\">Notre gamme de soins capillaires<\/a><\/li><\/ul><\/div><div class=\"sp-wrap-cpt\"><h2 class=\"sp-cpt-name\">Authors<\/h2><ul class=\"sp-list-posts\"><li><a href=\"https:\/\/flexitol.ca\/fr\/profile\/amit-saha\/\">Amit Saha<\/a><\/li><li><a href=\"https:\/\/flexitol.ca\/fr\/profile\/sarah-tarca-sherine-youssef\/\">Sarah Tarca &amp; Sherine Youssef<\/a><\/li><\/ul><\/div><\/div>\n","protected":false},"excerpt":{"rendered":"","protected":false},"author":1,"featured_media":0,"parent":0,"menu_order":1,"comment_status":"closed","ping_status":"closed","template":"","meta":{"_acf_changed":false,"_seopress_robots_primary_cat":"","_seopress_titles_title":"Plan du site | Flexitol Canada","_seopress_titles_desc":"Parcourez notre plan du site pour voir la liste compl\u00e8te des pages de notre site Web Flexitol Canada.","_seopress_robots_index":"","_relevanssi_hide_post":"","_relevanssi_hide_content":"","_relevanssi_pin_for_all":"","_relevanssi_pin_keywords":"","_relevanssi_unpin_keywords":"","_relevanssi_related_keywords":"","_relevanssi_related_include_ids":"","_relevanssi_related_exclude_ids":"","_relevanssi_related_no_append":"","_relevanssi_related_not_related":"","_relevanssi_related_posts":"","_relevanssi_noindex_reason":"","footnotes":""},"class_list":["post-10057","page","type-page","status-publish"],"acf":[],"_links":{"self":[{"href":"https:\/\/flexitol.ca\/fr\/wp-json\/wp\/v2\/pages\/10057","targetHints":{"allow":["GET"]}}],"collection":[{"href":"https:\/\/flexitol.ca\/fr\/wp-json\/wp\/v2\/pages"}],"about":[{"href":"https:\/\/flexitol.ca\/fr\/wp-json\/wp\/v2\/types\/page"}],"author":[{"embeddable":true,"href":"https:\/\/flexitol.ca\/fr\/wp-json\/wp\/v2\/users\/1"}],"replies":[{"embeddable":true,"href":"https:\/\/flexitol.ca\/fr\/wp-json\/wp\/v2\/comments?post=10057"}],"version-history":[{"count":2,"href":"https:\/\/flexitol.ca\/fr\/wp-json\/wp\/v2\/pages\/10057\/revisions"}],"predecessor-version":[{"id":12911,"href":"https:\/\/flexitol.ca\/fr\/wp-json\/wp\/v2\/pages\/10057\/revisions\/12911"}],"wp:attachment":[{"href":"https:\/\/flexitol.ca\/fr\/wp-json\/wp\/v2\/media?parent=10057"}],"curies":[{"name":"wp","href":"https:\/\/api.w.org\/{rel}","templated":true}]}}