
{"id":10992,"date":"2024-07-12T18:24:33","date_gmt":"2024-07-12T08:24:33","guid":{"rendered":"https:\/\/flexitol.ca\/?page_id=10992"},"modified":"2025-06-30T13:54:53","modified_gmt":"2025-06-30T03:54:53","slug":"tous-les-auteurs","status":"publish","type":"page","link":"https:\/\/flexitol.ca\/fr\/tous-les-auteurs\/","title":{"rendered":"Tous les auteurs"},"content":{"rendered":"","protected":false},"excerpt":{"rendered":"","protected":false},"author":4,"featured_media":0,"parent":0,"menu_order":13,"comment_status":"closed","ping_status":"closed","template":"page-all-authors.php","meta":{"_acf_changed":false,"_seopress_robots_primary_cat":"","_seopress_titles_title":"R\u00e9dacteurs m\u00e9dicaux experts et auteurs de Flexitol","_seopress_titles_desc":"Rencontrez nos r\u00e9dacteurs m\u00e9dicaux experts, qui cr\u00e9ent des articles \u00e9ducatifs et informatifs pour vous guider sur les soins de la peau, des pieds, du cuir chevelu, de l'ecz\u00e9ma et bien plus encore.","_seopress_robots_index":"","_relevanssi_hide_post":"","_relevanssi_hide_content":"","_relevanssi_pin_for_all":"","_relevanssi_pin_keywords":"","_relevanssi_unpin_keywords":"","_relevanssi_related_keywords":"","_relevanssi_related_include_ids":"","_relevanssi_related_exclude_ids":"","_relevanssi_related_no_append":"","_relevanssi_related_not_related":"","_relevanssi_related_posts":"","_relevanssi_noindex_reason":"","footnotes":""},"class_list":["post-10992","page","type-page","status-publish"],"acf":[],"_links":{"self":[{"href":"https:\/\/flexitol.ca\/fr\/wp-json\/wp\/v2\/pages\/10992","targetHints":{"allow":["GET"]}}],"collection":[{"href":"https:\/\/flexitol.ca\/fr\/wp-json\/wp\/v2\/pages"}],"about":[{"href":"https:\/\/flexitol.ca\/fr\/wp-json\/wp\/v2\/types\/page"}],"author":[{"embeddable":true,"href":"https:\/\/flexitol.ca\/fr\/wp-json\/wp\/v2\/users\/4"}],"replies":[{"embeddable":true,"href":"https:\/\/flexitol.ca\/fr\/wp-json\/wp\/v2\/comments?post=10992"}],"version-history":[{"count":1,"href":"https:\/\/flexitol.ca\/fr\/wp-json\/wp\/v2\/pages\/10992\/revisions"}],"predecessor-version":[{"id":10995,"href":"https:\/\/flexitol.ca\/fr\/wp-json\/wp\/v2\/pages\/10992\/revisions\/10995"}],"wp:attachment":[{"href":"https:\/\/flexitol.ca\/fr\/wp-json\/wp\/v2\/media?parent=10992"}],"curies":[{"name":"wp","href":"https:\/\/api.w.org\/{rel}","templated":true}]}}