
{"id":13299,"date":"2025-11-18T13:21:05","date_gmt":"2025-11-18T02:21:05","guid":{"rendered":"https:\/\/flexitol.ca\/?page_id=13299"},"modified":"2026-04-09T14:58:26","modified_gmt":"2026-04-09T04:58:26","slug":"soins-de-la-peau-multi-recompenses","status":"publish","type":"page","link":"https:\/\/flexitol.ca\/fr\/soins-de-la-peau-multi-recompenses\/","title":{"rendered":"Soins de la peau multi-r\u00e9compens\u00e9s"},"content":{"rendered":"\n<section class=\"wp-block-mmd-promo-block promotion-block contained\"><div class=\"js-promotion-block\">\n<div class=\"wp-block-mmd-promo-slide box\"><div class=\"box-inner\"><img data-lazy=\"https:\/\/flexitol.ca\/wp-content\/uploads\/2025\/11\/soins-de-la-peau-primes-\u2013-banniere-web-pour-ordinateur.jpg\" class=\"d-none d-lg-block w-100 img-pc\" alt=\"Produits Flexitol prim\u00e9s affich\u00e9s sur fond bleu p\u00e2le avec le texte \u00ab Gamme prim\u00e9e de soins pour la peau \u00bb.\" width=\"1920\" height=\"520\" loading=\"lazy\"\/><img data-lazy=\"https:\/\/flexitol.ca\/wp-content\/uploads\/2025\/11\/soins-de-la-peau-primes-\u2013-banniere-web-pour-mobile.jpg\" class=\"d-block d-lg-none w-100 img-mb\" alt=\"Produits de soins Flexitol prim\u00e9s, incluant baume \u00e0 l\u00e8vres, s\u00e9rum apaisant pour cuir chevelu et lotion pour peau tr\u00e8s s\u00e8che, sur fond bleu p\u00e2le avec le texte \u00ab Gamme prim\u00e9e de soins pour la peau \u00bb.\" width=\"769\" height=\"417\" loading=\"lazy\"\/><\/div><\/div>\n<\/div><\/section>\n\n\n\n<section class=\"wp-block-mmd-media-content-block content-img-block mmd-block white full-width has-img type-image smaller-mobile-img\"><div class=\"container\"><div class=\"row inner-block\"><div class=\"col-12 col-lg-9 content content--small\"><h2 class=\"title\">ELLE Beauty Grand Prix 2025 : Laur\u00e9at<\/h2><div class=\"description\">Laur\u00e9at \u2013 Soins capillaires : <a href=\"https:\/\/flexitol.ca\/fr\/produit\/serum-apaisant-pour-cuir-chevelu\/\" data-type=\"product\" data-id=\"9711\">S\u00e9rum apaisant cuir chevelu Flexitol<\/a><\/div><a class=\"btn-custom left outline\" target=\"_blank\" rel=\"noopener\" href=\"https:\/\/www.ellequebec.com\/beaute\/grand-prix-de-la-beaute\/grand-prix-de-la-beaute-2025-les-gagnants-de-la-categorie-cheveux#:~:text=Flexitol%20Soothing%20Scalp%20Serum%20(%2416)\"> En savoir plus sur ELLE Beauty Grand Prix 2025 <\/a><\/div><div class=\"col-12 col-lg-3 media\"><div class=\"img\"><img decoding=\"async\" src=\"https:\/\/flexitol.ca\/wp-content\/uploads\/2025\/11\/elle-2025-beauty-grand-prix-winner.png\" alt=\"Winner badge for Elle Quebec &amp; Canada 2025 Beauty Grand Prix\" width=\"635\" height=\"500\" loading=\"lazy\"\/><\/div><\/div><\/div><\/div><\/section>\n\n\n\n<section class=\"wp-block-mmd-media-content-block content-img-block mmd-block white full-width has-img type-image smaller-mobile-img\"><div class=\"container\"><div class=\"row inner-block\"><div class=\"col-12 col-lg-9 content content--small\"><h2 class=\"title\">ELLE Beauty Grand Prix 2025 : Finaliste<\/h2><div class=\"description\">Finaliste \u2013 Soins des l\u00e8vres : <a href=\"https:\/\/flexitol.ca\/fr\/produit\/baume-a-levres-original\/\" data-type=\"product\" data-id=\"9423\">Baume \u00e0 l\u00e8vres Flexitol<\/a><\/div><a class=\"btn-custom left outline\" target=\"_blank\" rel=\"noopener\" href=\"https:\/\/www.ellecanada.com\/beauty\/beauty-grand-prix\/elle-2025-beauty-grand-prix-the-skincare-finalists#:~:text=Flexitol%2C%20Lip%20Balm%20(%246)\"> Learn more about Elle Beauty Grand Prix 2025 <\/a><\/div><div class=\"col-12 col-lg-3 media\"><div class=\"img\"><img decoding=\"async\" src=\"https:\/\/flexitol.ca\/wp-content\/uploads\/2025\/11\/elle-2025-beauty-grand-prix-finaliste.png\" alt=\"Finalist badge for Elle Quebec &amp; Canada 2025 Beauty Grand Prix\" width=\"635\" height=\"500\" loading=\"lazy\"\/><\/div><\/div><\/div><\/div><\/section>\n\n\n\n<section class=\"wp-block-mmd-media-content-block content-img-block mmd-block white full-width has-img type-image smaller-mobile-img\"><div class=\"container\"><div class=\"row inner-block\"><div class=\"col-12 col-lg-9 content content--small\"><h2 class=\"title\">The Beauty Awards 2024 : Laur\u00e9ats<\/h2><div class=\"description\">Meilleur soin du cuir chevelu \u2013 <a href=\"https:\/\/flexitol.ca\/fr\/produit\/serum-apaisant-pour-cuir-chevelu\/\" data-type=\"product\" data-id=\"9711\">S\u00e9rum apaisant cuir chevelu Flexitol<\/a><\/div><a class=\"btn-custom left outline\" target=\"_blank\" rel=\"noopener\" href=\"https:\/\/fashionmagazine.com\/beauty-grooming\/the-beauty-awards-2024\/#:~:text=BEST%20SCALP%2DCARE%20PRODUCT\"> En savoir plus sur The Beauty Awards 2024 <\/a><\/div><div class=\"col-12 col-lg-3 media\"><div class=\"img\"><img decoding=\"async\" src=\"https:\/\/flexitol.ca\/wp-content\/uploads\/2025\/11\/the-beauty-awards-2024.png\" alt=\"Logo for The Beauty Awards 2024 featuring Best Scalp-Care Product recognition\" width=\"635\" height=\"500\" loading=\"lazy\"\/><\/div><\/div><\/div><\/div><\/section>\n\n\n\n<section class=\"wp-block-mmd-media-content-block content-img-block mmd-block white full-width has-img type-image smaller-mobile-img\"><div class=\"container\"><div class=\"row inner-block\"><div class=\"col-12 col-lg-9 content content--small\"><h2 class=\"title\">ELLE Beauty Grand Prix 2024 : Finalistes<\/h2><div class=\"description\">FFinaliste \u2013 Soins capillaires : <a href=\"https:\/\/flexitol.ca\/fr\/produit\/serum-apaisant-pour-cuir-chevelu\/\" data-type=\"product\" data-id=\"9711\">S\u00e9rum apaisant cuir chevelu Flexitol<\/a><br>Finaliste \u2013 Soins du visage : <a href=\"https:\/\/flexitol.ca\/fr\/produit\/baume-a-levres-original\/\" data-type=\"product\" data-id=\"9423\">Baume pour l\u00e8vres Flexitol<\/a><br>Finaliste \u2013 Soins du corps : <a href=\"https:\/\/flexitol.ca\/fr\/produit\/lotion-pour-la-peau-tres-seche\/\" data-type=\"product\" data-id=\"9779\">Lotion pour la peau tr\u00e8s s\u00e8che, de Flexitol<\/a><br>Finaliste \u2013 Soins du corps : Baume pour les mains anti-\u00e2ge, de Flexitol<\/div><\/div><div class=\"col-12 col-lg-3 media\"><div class=\"img\"><img decoding=\"async\" src=\"https:\/\/flexitol.ca\/wp-content\/uploads\/2025\/11\/elle-2024-beauty-grand-prix-winner.png\" alt=\"Winner badge for Elle Quebec &amp; Canada 2024 Beauty Grand Prix\" width=\"635\" height=\"500\" loading=\"lazy\"\/><\/div><\/div><\/div><\/div><\/section>\n\n\n\n<section class=\"wp-block-mmd-media-content-block content-img-block mmd-block white full-width has-img type-image smaller-mobile-img\"><div class=\"container\"><div class=\"row inner-block\"><div class=\"col-12 col-lg-9 content content--small\"><h2 class=\"title\">The Beauty Grand Prix 2023 : Laur\u00e9ats<\/h2><div class=\"description\">Meilleur pour le visage &#8211; <a href=\"https:\/\/flexitol.ca\/fr\/produit\/baume-a-levres-original\/\" data-type=\"product\" data-id=\"9423\">Baume pour l\u00e8vres Flexitol<\/a><\/div><a class=\"btn-custom left outline\" target=\"_blank\" rel=\"noopener\" href=\"https:\/\/www.ellecanada.com\/beauty\/beauty-grand-prix\/elle-beauty-grand-prix-2023-discover-the-finalists#:~:text=Gel%20Cleanser%20(%2435)-,LIP%20BALM,-Flexito%2C%20Lip%20Balm\"> En savoir plus sur The Beauty Grand Prix 2023 <\/a><\/div><div class=\"col-12 col-lg-3 media\"><div class=\"img\"><img decoding=\"async\" src=\"https:\/\/flexitol.ca\/wp-content\/uploads\/2025\/11\/elle-2023-beauty-grand-prix.png\" alt=\"Logo for Elle Quebec &amp; Canada 2023 Beauty Grand Prix Awards\" width=\"635\" height=\"500\" loading=\"lazy\"\/><\/div><\/div><\/div><\/div><\/section>\n\n\n\n<section class=\"wp-block-mmd-media-content-block content-img-block mmd-block white full-width has-img type-image smaller-mobile-img\"><div class=\"container\"><div class=\"row inner-block\"><div class=\"col-12 col-lg-9 content content--small\"><h2 class=\"title\">The Beauty Grand Prix 2022 : Laur\u00e9ats<\/h2><div class=\"description\">Meilleur pour le visage &#8211; <a href=\"https:\/\/flexitol.ca\/fr\/produit\/baume-a-levres-original\/\" data-type=\"product\" data-id=\"9423\">Baume pour l\u00e8vres Flexitol<\/a><\/div><a class=\"btn-custom left outline\" target=\"_blank\" rel=\"noopener\" href=\"https:\/\/www.ellecanada.com\/beauty\/beauty-grand-prix\/the-winners-of-the-2022-elle-beauty-grand-prix-revealed#:~:text=LIP%20BALM-,Lip%20Balm%2C%20Flexitol,-(%245.50)\"> En savoir plus sur The Beauty Grand Prix 2022 : Laur\u00e9ats <\/a><\/div><div class=\"col-12 col-lg-3 media\"><div class=\"img\"><img decoding=\"async\" src=\"https:\/\/flexitol.ca\/wp-content\/uploads\/2025\/11\/elle-2022-beauty-grand-prix.png\" alt=\"Logo for Elle Quebec &amp; Canada 2022 Beauty Grand Prix Awards\" width=\"635\" height=\"500\" loading=\"lazy\"\/><\/div><\/div><\/div><\/div><\/section>\n","protected":false},"excerpt":{"rendered":"","protected":false},"author":4,"featured_media":0,"parent":0,"menu_order":0,"comment_status":"closed","ping_status":"closed","template":"","meta":{"_acf_changed":false,"_seopress_robots_primary_cat":"","_seopress_titles_title":"Soins prim\u00e9s \u2013 D\u00e9couvrez les meilleurs produits Flexitol","_seopress_titles_desc":"D\u00e9couvrez la gamme de soins et de produits capillaires prim\u00e9s de Flexitol, reconnue pour son excellence dans les cat\u00e9gories visage, cuir chevelu, corps et cheveux.","_seopress_robots_index":"","_relevanssi_hide_post":"","_relevanssi_hide_content":"","_relevanssi_pin_for_all":"","_relevanssi_pin_keywords":"","_relevanssi_unpin_keywords":"","_relevanssi_related_keywords":"","_relevanssi_related_include_ids":"","_relevanssi_related_exclude_ids":"","_relevanssi_related_no_append":"","_relevanssi_related_not_related":"","_relevanssi_related_posts":"","_relevanssi_noindex_reason":"SEOPress Relevanssi index exclude","footnotes":""},"class_list":["post-13299","page","type-page","status-publish"],"acf":[],"_links":{"self":[{"href":"https:\/\/flexitol.ca\/fr\/wp-json\/wp\/v2\/pages\/13299","targetHints":{"allow":["GET"]}}],"collection":[{"href":"https:\/\/flexitol.ca\/fr\/wp-json\/wp\/v2\/pages"}],"about":[{"href":"https:\/\/flexitol.ca\/fr\/wp-json\/wp\/v2\/types\/page"}],"author":[{"embeddable":true,"href":"https:\/\/flexitol.ca\/fr\/wp-json\/wp\/v2\/users\/4"}],"replies":[{"embeddable":true,"href":"https:\/\/flexitol.ca\/fr\/wp-json\/wp\/v2\/comments?post=13299"}],"version-history":[{"count":8,"href":"https:\/\/flexitol.ca\/fr\/wp-json\/wp\/v2\/pages\/13299\/revisions"}],"predecessor-version":[{"id":13958,"href":"https:\/\/flexitol.ca\/fr\/wp-json\/wp\/v2\/pages\/13299\/revisions\/13958"}],"wp:attachment":[{"href":"https:\/\/flexitol.ca\/fr\/wp-json\/wp\/v2\/media?parent=13299"}],"curies":[{"name":"wp","href":"https:\/\/api.w.org\/{rel}","templated":true}]}}