
{"id":9413,"date":"2022-02-08T12:42:00","date_gmt":"2022-02-08T01:42:00","guid":{"rendered":"https:\/\/flexitol.ca\/contactez-nous\/"},"modified":"2025-03-21T09:19:31","modified_gmt":"2025-03-20T22:19:31","slug":"contactez-nous","status":"publish","type":"page","link":"https:\/\/flexitol.ca\/fr\/contactez-nous\/","title":{"rendered":"Contactez-nous"},"content":{"rendered":"\n<section class=\"wp-block-mmd-logo-grid-block grid-block mmd-block full-width column-3 white icon only-img  columns-3\"><div class=\"container\"><h2 class=\"title\"><\/h2><div class=\"description\">Nous vous remercions de votre visite sur le site Web de Flexitol.<br><br>Flexitol appr\u00e9cie toute communication avec ses consommateurs, qu&#8217;il s&#8217;agisse d&#8217;une demande de renseignements sur nos produits ou d&#8217;un commentaire sur notre site Web, nos sympathiques repr\u00e9sentants du service \u00e0 la client\u00e8le seraient heureux d&#8217;avoir de vos nouvelles.<br><br>Si vous souhaitez nous parler, notre num\u00e9ro de service client\u00e8le pour le Canada est le 1 866 407 7022. Notre centre d&#8217;assistance aux consommateurs est \u00e0 votre disposition du lundi au vendredi de 8 h 30 \u00e0 16 h 30 HE.<br><br>Vous pouvez \u00e9galement remplir le formulaire ci-apr\u00e8s et vous recevrez une r\u00e9ponse de notre \u00e9quipe du service client\u00e8le dans les 24 heures.<\/div><div class=\"row\"><\/div><\/div><\/section>\n\n\n<div class=\"frm_forms  with_frm_style frm_style_formidable-style\" id=\"frm_form_3_container\" data-token=\"11b07ec3332481e274b02453d27c90e7\">\n<form enctype=\"multipart\/form-data\" method=\"post\" class=\"frm-show-form  frm_pro_form \" id=\"form_contact-us\" data-token=\"11b07ec3332481e274b02453d27c90e7\">\n<div class=\"frm_form_fields \">\n<fieldset>\n<legend class=\"frm_screen_reader\">Contactez-nous<\/legend>\r\n\r\n<div class=\"frm_fields_container\">\n<input type=\"hidden\" name=\"frm_action\" value=\"create\" \/>\n<input type=\"hidden\" name=\"form_id\" value=\"3\" \/>\n<input type=\"hidden\" name=\"frm_hide_fields_3\" id=\"frm_hide_fields_3\" value=\"\" \/>\n<input type=\"hidden\" name=\"form_key\" value=\"contact-us\" \/>\n<input type=\"hidden\" name=\"item_meta[0]\" value=\"\" \/>\n<input type=\"hidden\" id=\"frm_submit_entry_3\" name=\"frm_submit_entry_3\" value=\"50de473831\" \/><input type=\"hidden\" name=\"_wp_http_referer\" value=\"\/fr\/wp-json\/wp\/v2\/pages\/9413\" \/><div id=\"frm_field_7_container\" class=\"frm_form_field form-field  frm_required_field frm_top_container frm_first frm_half\">\r\n    <label for=\"field_qh4icy2\" id=\"field_qh4icy2_label\" class=\"frm_primary_label\">Nom\r\n        <span class=\"frm_required\" aria-hidden=\"true\">*<\/span>\r\n    <\/label>\r\n    <input  type=\"text\" id=\"field_qh4icy2\" name=\"item_meta[7]\" value=\"\"  data-reqmsg=\"Ce champ ne peut pas \u00eatre vide.\" aria-required=\"true\" data-invmsg=\"Name is invalid\" aria-invalid=\"false\"   aria-describedby=\"frm_desc_field_qh4icy2\" \/>\r\n    <div class=\"frm_description\" id=\"frm_desc_field_qh4icy2\">Pr\u00e9nom<\/div>\r\n    \r\n<\/div>\n<div id=\"frm_field_8_container\" class=\"frm_form_field form-field  frm_required_field frm_hidden_container frm_half\">\r\n    <label for=\"field_ocfup12\" id=\"field_ocfup12_label\" class=\"frm_primary_label\">Nom de famille\r\n        <span class=\"frm_required\" aria-hidden=\"true\">*<\/span>\r\n    <\/label>\r\n    <input  type=\"text\" id=\"field_ocfup12\" name=\"item_meta[8]\" value=\"\"  data-reqmsg=\"Ce champ ne peut pas \u00eatre vide.\" aria-required=\"true\" data-invmsg=\"Last is invalid\" aria-invalid=\"false\"   aria-describedby=\"frm_desc_field_ocfup12\" \/>\r\n    <div class=\"frm_description\" id=\"frm_desc_field_ocfup12\">Nom de famille<\/div>\r\n    \r\n<\/div>\n<div id=\"frm_field_9_container\" class=\"frm_form_field form-field  frm_required_field frm_top_container frm_full\">\r\n    <label for=\"field_29yf4d2\" id=\"field_29yf4d2_label\" class=\"frm_primary_label\">Courriel\r\n        <span class=\"frm_required\" aria-hidden=\"true\">*<\/span>\r\n    <\/label>\r\n    <input type=\"email\" id=\"field_29yf4d2\" name=\"item_meta[9]\" value=\"\"  data-reqmsg=\"Ce champ ne peut pas \u00eatre vide.\" aria-required=\"true\" data-invmsg=\"Veuillez saisir une adresse \u00e9lectronique valide\" aria-invalid=\"false\"  \/>\r\n    \r\n    \r\n<\/div>\n<div id=\"frm_field_12_container\" class=\"frm_form_field form-field  frm_required_field frm_top_container\">\r\n    <label for=\"field_7pe5m\" id=\"field_7pe5m_label\" class=\"frm_primary_label\">No t\u00e9l\u00e9phone\r\n        <span class=\"frm_required\" aria-hidden=\"true\">*<\/span>\r\n    <\/label>\r\n    <input type=\"tel\" id=\"field_7pe5m\" name=\"item_meta[12]\" value=\"\"  data-reqmsg=\"No t\u00e9l\u00e9phone cannot be blank.\" aria-required=\"true\" data-invmsg=\"Le num\u00e9ro de t\u00e9l\u00e9phone n&#039;est pas valable\" aria-invalid=\"false\" pattern=\"((\\+\\d{1,3}(-|.| )?\\(?\\d\\)?(-| |.)?\\d{1,5})|(\\(?\\d{2,6}\\)?))(-|.| )?(\\d{3,4})(-|.| )?(\\d{4})(( x| ext)\\d{1,5}){0,1}$\"  \/>\r\n    \r\n    \r\n<\/div>\n<div id=\"frm_field_203_container\" class=\"frm_form_field form-field  frm_required_field frm_top_container\">\r\n    <label for=\"field_zhzoz\" id=\"field_zhzoz_label\" class=\"frm_primary_label\">Veuillez choisir votre province \r\n        <span class=\"frm_required\" aria-hidden=\"true\">*<\/span>\r\n    <\/label>\r\n    \t\t<select name=\"item_meta[203]\" id=\"field_zhzoz\"  data-reqmsg=\"Veuillez choisir votre province  cannot be blank.\" aria-required=\"true\" data-invmsg=\"Veuillez choisir votre province  is invalid\" aria-invalid=\"false\"  >\n\t\t<option  value=\"\" selected='selected'> <\/option><option  value=\"Alberta\">Alberta<\/option><option  value=\"British Columbia\">British Columbia<\/option><option  value=\"Manitoba\">Manitoba<\/option><option  value=\"New Brunswick\">New Brunswick<\/option><option  value=\"Newfoundland and Labrador\">Newfoundland and Labrador<\/option><option  value=\"Northwest Territories\">Northwest Territories<\/option><option  value=\"Nova Scotia\">Nova Scotia<\/option><option  value=\"Nunavut\">Nunavut<\/option><option  value=\"Ontario\">Ontario<\/option><option  value=\"Prince Edward Island\">Prince Edward Island<\/option><option  value=\"Quebec\">Quebec<\/option><option  value=\"Saskatchewan\">Saskatchewan<\/option><option  value=\"Yukon\">Yukon<\/option>\t<\/select>\n\t\r\n    \r\n    \r\n<\/div>\n<div id=\"frm_field_10_container\" class=\"frm_form_field form-field  frm_required_field frm_top_container frm_full\">\r\n    <label for=\"field_e6lis62\" id=\"field_e6lis62_label\" class=\"frm_primary_label\">Produit\r\n        <span class=\"frm_required\" aria-hidden=\"true\">*<\/span>\r\n    <\/label>\r\n    <input  type=\"text\" id=\"field_e6lis62\" name=\"item_meta[10]\" value=\"\"  data-reqmsg=\"Ce champ ne peut pas \u00eatre vide.\" aria-required=\"true\" data-invmsg=\"Subject is invalid\" aria-invalid=\"false\"   \/>\r\n    \r\n    \r\n<\/div>\n<div id=\"frm_field_14_container\" class=\"frm_form_field form-field  frm_required_field frm_top_container\">\r\n    <label for=\"field_ipq5f\" id=\"field_ipq5f_label\" class=\"frm_primary_label\">Type de  message \r\n        <span class=\"frm_required\" aria-hidden=\"true\">*<\/span>\r\n    <\/label>\r\n    \t\t<select name=\"item_meta[14]\" id=\"field_ipq5f\"  data-reqmsg=\"Ce champ ne peut pas \u00eatre vide.\" aria-required=\"true\" data-invmsg=\"Type de  message  is invalid\" aria-invalid=\"false\"  >\n\t\t<option  value=\"\" selected='selected'> <\/option><option  value=\"General Enquiries\">Renseignements g\u00e9n\u00e9raux<\/option><option  value=\"Report a Problem\">Signaler un probl\u00e8me<\/option><option  value=\"Leave a Testimonial\">Laisser un t\u00e9moignage<\/option>\t<\/select>\n\t\r\n    \r\n    \r\n<\/div>\n<div id=\"frm_field_11_container\" class=\"frm_form_field form-field  frm_required_field frm_top_container frm12 frm_first\">\r\n    <label for=\"field_9jv0r12\" id=\"field_9jv0r12_label\" class=\"frm_primary_label\">Message \r\n        <span class=\"frm_required\" aria-hidden=\"true\">*<\/span>\r\n    <\/label>\r\n    <textarea name=\"item_meta[11]\" id=\"field_9jv0r12\" rows=\"5\"  data-reqmsg=\"Ce champ ne peut pas \u00eatre vide.\" aria-required=\"true\" data-invmsg=\"Message  is invalid\" aria-invalid=\"false\"  ><\/textarea>\r\n    \r\n    \r\n<\/div>\n<div id=\"frm_field_18_container\" class=\"frm_form_field form-field  frm_none_container vertical_radio\">\r\n    <div  id=\"field_9abby_label\" class=\"frm_primary_label\">Mailchimp\r\n        <span class=\"frm_required\" aria-hidden=\"true\"><\/span>\r\n    <\/div>\r\n    <div class=\"frm_opt_container\" aria-labelledby=\"field_9abby_label\" role=\"group\">\t\t<div class=\"frm_checkbox\" id=\"frm_checkbox_18-0\">\t\t\t<label  for=\"field_9abby-0\">\n\t\t\t<input type=\"checkbox\" name=\"item_meta[18][]\" id=\"field_9abby-0\" value=\"I am interested in receiving product news and promotional emails from Flexitol\"  data-invmsg=\"Mailchimp is invalid\"   \/> Je souhaite recevoir des renseignements sur les produits et des courriels promotionnels de Flexitol.<\/label><\/div>\n<\/div>\r\n    \r\n    \r\n<\/div>\n<div id=\"frm_field_61_container\" class=\"frm_form_field form-field  frm_none_container frm12 frm_first vertical_radio\">\r\n    <div  id=\"field_yi315_label\" class=\"frm_primary_label\">Consentement\r\n        <span class=\"frm_required\" aria-hidden=\"true\"><\/span>\r\n    <\/div>\r\n    <div class=\"frm_opt_container\" aria-labelledby=\"field_yi315_label\" role=\"group\">\t\t<div class=\"frm_checkbox\" id=\"frm_checkbox_61-0\">\t\t\t<label  for=\"field_yi315-0\">\n\t\t\t<input type=\"checkbox\" name=\"item_meta[61][]\" id=\"field_yi315-0\" value=\"I give consent on having my review being used for promotional purposes on packaging, social media or other promotional material\"  data-invmsg=\"Consentement is invalid\"   \/> Je consens \u00e0 ce que mon avis soit utilis\u00e9 \u00e0 des fins promotionnelles sur l&#8217;emballage, les m\u00e9dias sociaux ou tout autre mat\u00e9riel promotionnel.<\/label><\/div>\n<\/div>\r\n    \r\n    \r\n<\/div>\n<div id=\"frm_field_201_container\" class=\"frm_form_field form-field  frm_none_container frm12 frm_first\">\r\n    <label for=\"cf-turnstile-response\" id=\"field_3j196_label\" class=\"frm_primary_label\">reCAPTCHA\r\n        <span class=\"frm_required\" aria-hidden=\"true\"><\/span>\r\n    <\/label>\r\n    <div  id=\"field_3j196\" class=\"frm-cf-turnstile\" data-sitekey=\"0x4AAAAAADJS7X1f24fkIWqz\" data-language=\"fr-CA\" data-size=\"normal\" data-theme=\"light\"><\/div>\r\n    \r\n    \r\n<\/div>\n<div id=\"frm_field_207_container\" class=\"frm_form_field form-field \">\r\n\t<div class=\"frm_submit\">\r\n\r\n<button class=\"frm_button_submit frm_final_submit\" type=\"submit\"   formnovalidate=\"formnovalidate\">Soumettre<\/button>\r\n\r\n<\/div>\r\n<\/div>\n\t<input type=\"hidden\" name=\"item_key\" value=\"\" \/>\n\t\t\t<div id=\"frm_field_209_container\">\n\t\t\t<label for=\"field_72ar4\" >\n\t\t\t\tIf you are human, leave this field blank.\t\t\t<\/label>\n\t\t\t<input  id=\"field_72ar4\" type=\"text\" class=\"frm_form_field form-field frm_verify\" name=\"item_meta[209]\" value=\"\"  \/>\n\t\t<\/div>\n\t\t<input name=\"frm_state\" type=\"hidden\" value=\"WeBuXL9NObCOFbC9SamoAtgzeeeShC6WSklAaH8bmXOC6oi3OUxGZXnz0msPGsVO\" \/><\/div>\n<\/fieldset>\n<\/div>\n\n<\/form>\n<\/div>\n\n\n\n<p><\/p>\n","protected":false},"excerpt":{"rendered":"","protected":false},"author":1,"featured_media":0,"parent":0,"menu_order":4,"comment_status":"closed","ping_status":"closed","template":"","meta":{"_acf_changed":false,"_seopress_robots_primary_cat":"","_seopress_titles_title":"Contactez Flexitol Canada : obtenez de l\u2019aide et du soutien","_seopress_titles_desc":"Contactez-nous d\u00e8s aujourd\u2019hui! Notre \u00e9quipe de service client est pr\u00eate \u00e0 r\u00e9pondre \u00e0 vos questions concernant les commandes, les ingr\u00e9dients, et plus encore.","_seopress_robots_index":"","_relevanssi_hide_post":"","_relevanssi_hide_content":"","_relevanssi_pin_for_all":"","_relevanssi_pin_keywords":"","_relevanssi_unpin_keywords":"","_relevanssi_related_keywords":"","_relevanssi_related_include_ids":"","_relevanssi_related_exclude_ids":"","_relevanssi_related_no_append":"","_relevanssi_related_not_related":"","_relevanssi_related_posts":"","_relevanssi_noindex_reason":"","footnotes":""},"class_list":["post-9413","page","type-page","status-publish"],"acf":[],"_links":{"self":[{"href":"https:\/\/flexitol.ca\/fr\/wp-json\/wp\/v2\/pages\/9413","targetHints":{"allow":["GET"]}}],"collection":[{"href":"https:\/\/flexitol.ca\/fr\/wp-json\/wp\/v2\/pages"}],"about":[{"href":"https:\/\/flexitol.ca\/fr\/wp-json\/wp\/v2\/types\/page"}],"author":[{"embeddable":true,"href":"https:\/\/flexitol.ca\/fr\/wp-json\/wp\/v2\/users\/1"}],"replies":[{"embeddable":true,"href":"https:\/\/flexitol.ca\/fr\/wp-json\/wp\/v2\/comments?post=9413"}],"version-history":[{"count":12,"href":"https:\/\/flexitol.ca\/fr\/wp-json\/wp\/v2\/pages\/9413\/revisions"}],"predecessor-version":[{"id":12376,"href":"https:\/\/flexitol.ca\/fr\/wp-json\/wp\/v2\/pages\/9413\/revisions\/12376"}],"wp:attachment":[{"href":"https:\/\/flexitol.ca\/fr\/wp-json\/wp\/v2\/media?parent=9413"}],"curies":[{"name":"wp","href":"https:\/\/api.w.org\/{rel}","templated":true}]}}