
{"id":9685,"date":"2023-04-10T13:52:30","date_gmt":"2023-04-10T03:52:30","guid":{"rendered":"https:\/\/flexitol.ca\/product\/shampooing-et-revitalisant-de-soulagement-du-cuir-chevelu\/"},"modified":"2026-02-11T18:52:04","modified_gmt":"2026-02-11T07:52:04","slug":"scalp-relief-shamppo-conditoner","status":"publish","type":"product","link":"https:\/\/flexitol.ca\/fr\/produit\/shampoing-et-revitalisant-apaisant-pour-cuir-chevelu\/","title":{"rendered":"Shampoing et revitalisant apaisant pour cuir chevelu"},"content":{"rendered":"\n<section class=\"wp-block-mmd-product-grid-block product grid-block mmd-block full-width column-4 white\"><div class=\"container\"><h2 class=\"title\">Vous pourriez \u00e9galement \u00eatre int\u00e9ress\u00e9 par<\/h2><div class=\"description\"><\/div><div class='row'><div class='mmd-col-custom mmd-item-grid'>\n                <div class='media-grid'>\n                  <a href='https:\/\/flexitol.ca\/fr\/produit\/serum-apaisant-pour-cuir-chevelu\/' aria-label='View more about S\u00e9rum apaisant pour cuir chevelu'>\n                    <img decoding=\"async\" width=\"526\" height=\"471\" src=\"https:\/\/flexitol.ca\/wp-content\/uploads\/2024\/10\/flexitol-serum-appaisant-pour-cuir-chevelu-1-526x471.jpg\" class=\"attachment-product_image size-product_image\" alt=\"Flexitol S\u00e9rum appaisant pour cuir chevelu front view of carton with winner badge for the beauty awards 2024\" srcset=\"https:\/\/flexitol.ca\/wp-content\/uploads\/2024\/10\/flexitol-serum-appaisant-pour-cuir-chevelu-1-526x471.jpg 526w, https:\/\/flexitol.ca\/wp-content\/uploads\/2024\/10\/flexitol-serum-appaisant-pour-cuir-chevelu-1-300x269.jpg 300w, https:\/\/flexitol.ca\/wp-content\/uploads\/2024\/10\/flexitol-serum-appaisant-pour-cuir-chevelu-1-1024x917.jpg 1024w, https:\/\/flexitol.ca\/wp-content\/uploads\/2024\/10\/flexitol-serum-appaisant-pour-cuir-chevelu-1-768x688.jpg 768w, https:\/\/flexitol.ca\/wp-content\/uploads\/2024\/10\/flexitol-serum-appaisant-pour-cuir-chevelu-1-958x858.jpg 958w, https:\/\/flexitol.ca\/wp-content\/uploads\/2024\/10\/flexitol-serum-appaisant-pour-cuir-chevelu-1-584x523.jpg 584w, https:\/\/flexitol.ca\/wp-content\/uploads\/2024\/10\/flexitol-serum-appaisant-pour-cuir-chevelu-1-558x500.jpg 558w, https:\/\/flexitol.ca\/wp-content\/uploads\/2024\/10\/flexitol-serum-appaisant-pour-cuir-chevelu-1-477x427.jpg 477w, https:\/\/flexitol.ca\/wp-content\/uploads\/2024\/10\/flexitol-serum-appaisant-pour-cuir-chevelu-1-432x387.jpg 432w, https:\/\/flexitol.ca\/wp-content\/uploads\/2024\/10\/flexitol-serum-appaisant-pour-cuir-chevelu-1-312x279.jpg 312w, https:\/\/flexitol.ca\/wp-content\/uploads\/2024\/10\/flexitol-serum-appaisant-pour-cuir-chevelu-1-110x99.jpg 110w, https:\/\/flexitol.ca\/wp-content\/uploads\/2024\/10\/flexitol-serum-appaisant-pour-cuir-chevelu-1.jpg 1052w\" sizes=\"(max-width: 526px) 100vw, 526px\" \/>\n                    \n                  <\/a>\n                <\/div>\n                <div class='content-grid'>\n                  <div class='mmd-block mmd-block--action'>\n                    <a class='btn-custom btn-full-width' href='https:\/\/flexitol.ca\/fr\/produit\/serum-apaisant-pour-cuir-chevelu\/'>Voir le produit<\/a>\n                  <\/div>\n                  <a href='https:\/\/flexitol.ca\/fr\/produit\/serum-apaisant-pour-cuir-chevelu\/'><h3 class='title-item'>S\u00e9rum apaisant pour cuir chevelu<\/h3><\/a>\n                  \n                  <div class=\"stars-number\"><div class=\"stars\" role=\"img\" style=\"--rating: 4.1\" aria-label=\"Rating of this product is 4.1 out of 5.\"><\/div><span class=\"numbers\">1989  <span class=\"numbers-reviews\"> avis<\/span><\/span> <\/div>\n                <\/div>\n            <\/div><div class='mmd-col-custom mmd-item-grid'>\n                <div class='media-grid'>\n                  <a href='https:\/\/flexitol.ca\/fr\/produit\/creme-pour-la-peau-tres-seche\/' aria-label='View more about Cr\u00e8me pour la peau tr\u00e8s s\u00e8che'>\n                    <img decoding=\"async\" width=\"526\" height=\"471\" src=\"https:\/\/flexitol.ca\/wp-content\/uploads\/2024\/02\/flexitol-very-dry-skin-cream-back-of-carton-in-french-526x471.jpg\" class=\"attachment-product_image size-product_image\" alt=\"\" srcset=\"https:\/\/flexitol.ca\/wp-content\/uploads\/2024\/02\/flexitol-very-dry-skin-cream-back-of-carton-in-french-526x471.jpg 526w, https:\/\/flexitol.ca\/wp-content\/uploads\/2024\/02\/flexitol-very-dry-skin-cream-back-of-carton-in-french-300x269.jpg 300w, https:\/\/flexitol.ca\/wp-content\/uploads\/2024\/02\/flexitol-very-dry-skin-cream-back-of-carton-in-french-1024x917.jpg 1024w, https:\/\/flexitol.ca\/wp-content\/uploads\/2024\/02\/flexitol-very-dry-skin-cream-back-of-carton-in-french-768x688.jpg 768w, https:\/\/flexitol.ca\/wp-content\/uploads\/2024\/02\/flexitol-very-dry-skin-cream-back-of-carton-in-french-958x858.jpg 958w, https:\/\/flexitol.ca\/wp-content\/uploads\/2024\/02\/flexitol-very-dry-skin-cream-back-of-carton-in-french-584x523.jpg 584w, https:\/\/flexitol.ca\/wp-content\/uploads\/2024\/02\/flexitol-very-dry-skin-cream-back-of-carton-in-french-558x500.jpg 558w, https:\/\/flexitol.ca\/wp-content\/uploads\/2024\/02\/flexitol-very-dry-skin-cream-back-of-carton-in-french-477x427.jpg 477w, https:\/\/flexitol.ca\/wp-content\/uploads\/2024\/02\/flexitol-very-dry-skin-cream-back-of-carton-in-french-432x387.jpg 432w, https:\/\/flexitol.ca\/wp-content\/uploads\/2024\/02\/flexitol-very-dry-skin-cream-back-of-carton-in-french-312x279.jpg 312w, https:\/\/flexitol.ca\/wp-content\/uploads\/2024\/02\/flexitol-very-dry-skin-cream-back-of-carton-in-french-110x99.jpg 110w, https:\/\/flexitol.ca\/wp-content\/uploads\/2024\/02\/flexitol-very-dry-skin-cream-back-of-carton-in-french.jpg 1052w\" sizes=\"(max-width: 526px) 100vw, 526px\" \/>\n                    \n                  <\/a>\n                <\/div>\n                <div class='content-grid'>\n                  <div class='mmd-block mmd-block--action'>\n                    <a class='btn-custom btn-full-width' href='https:\/\/flexitol.ca\/fr\/produit\/creme-pour-la-peau-tres-seche\/'>Voir le produit<\/a>\n                  <\/div>\n                  <a href='https:\/\/flexitol.ca\/fr\/produit\/creme-pour-la-peau-tres-seche\/'><h3 class='title-item'>Cr\u00e8me pour la peau tr\u00e8s s\u00e8che<\/h3><\/a>\n                  \n                  <div class=\"stars-number\"><div class=\"stars\" role=\"img\" style=\"--rating: 4.4\" aria-label=\"Rating of this product is 4.4 out of 5.\"><\/div><span class=\"numbers\">669  <span class=\"numbers-reviews\"> avis<\/span><\/span> <\/div>\n                <\/div>\n            <\/div><div class='mmd-col-custom mmd-item-grid'>\n                <div class='media-grid'>\n                  <a href='https:\/\/flexitol.ca\/fr\/produit\/lotion-pour-la-peau-tres-seche\/' aria-label='View more about Lotion pour la peau tr\u00e8s s\u00e8che'>\n                    <img decoding=\"async\" width=\"460\" height=\"430\" src=\"https:\/\/flexitol.ca\/wp-content\/uploads\/2022\/01\/fl_can_vdsl_web_800x748_1.png\" class=\"attachment-product_image size-product_image\" alt=\"\" srcset=\"https:\/\/flexitol.ca\/wp-content\/uploads\/2022\/01\/fl_can_vdsl_web_800x748_1.png 460w, https:\/\/flexitol.ca\/wp-content\/uploads\/2022\/01\/fl_can_vdsl_web_800x748_1-300x280.png 300w, https:\/\/flexitol.ca\/wp-content\/uploads\/2022\/01\/fl_can_vdsl_web_800x748_1-81x76.png 81w\" sizes=\"(max-width: 460px) 100vw, 460px\" \/>\n                    \n                  <\/a>\n                <\/div>\n                <div class='content-grid'>\n                  <div class='mmd-block mmd-block--action'>\n                    <a class='btn-custom btn-full-width' href='https:\/\/flexitol.ca\/fr\/produit\/lotion-pour-la-peau-tres-seche\/'>Voir le produit<\/a>\n                  <\/div>\n                  <a href='https:\/\/flexitol.ca\/fr\/produit\/lotion-pour-la-peau-tres-seche\/'><h3 class='title-item'>Lotion pour la peau tr\u00e8s s\u00e8che<\/h3><\/a>\n                  \n                  <div class=\"stars-number\"><div class=\"stars\" role=\"img\" style=\"--rating: 4.4\" aria-label=\"Rating of this product is 4.4 out of 5.\"><\/div><span class=\"numbers\">669  <span class=\"numbers-reviews\"> avis<\/span><\/span> <\/div>\n                <\/div>\n            <\/div><div class='mmd-col-custom mmd-item-grid'>\n                <div class='media-grid'>\n                  <a href='https:\/\/flexitol.ca\/fr\/produit\/nettoyant-pour-la-peau-sensible\/' aria-label='View more about Nettoyant pour la peau sensible'>\n                    <img decoding=\"async\" width=\"526\" height=\"471\" src=\"https:\/\/flexitol.ca\/wp-content\/uploads\/2022\/01\/fl_can_ssw_web_800x748_3-526x471.png\" class=\"attachment-product_image size-product_image\" alt=\"\" srcset=\"https:\/\/flexitol.ca\/wp-content\/uploads\/2022\/01\/fl_can_ssw_web_800x748_3-526x471.png 526w, https:\/\/flexitol.ca\/wp-content\/uploads\/2022\/01\/fl_can_ssw_web_800x748_3-312x279.png 312w\" sizes=\"(max-width: 526px) 100vw, 526px\" \/>\n                    \n                  <\/a>\n                <\/div>\n                <div class='content-grid'>\n                  <div class='mmd-block mmd-block--action'>\n                    <a class='btn-custom btn-full-width' href='https:\/\/flexitol.ca\/fr\/produit\/nettoyant-pour-la-peau-sensible\/'>Voir le produit<\/a>\n                  <\/div>\n                  <a href='https:\/\/flexitol.ca\/fr\/produit\/nettoyant-pour-la-peau-sensible\/'><h3 class='title-item'>Nettoyant pour la peau sensible<\/h3><\/a>\n                  \n                  <div class=\"stars-number\"><div class=\"stars\" role=\"img\" style=\"--rating: 4.4\" aria-label=\"Rating of this product is 4.4 out of 5.\"><\/div><span class=\"numbers\">80  <span class=\"numbers-reviews\"> avis<\/span><\/span> <\/div>\n                <\/div>\n            <\/div><\/div><\/div><\/section>\n\n\n\n<section class=\"wp-block-mmd-our-review-block our-reviews-block light-green full-width light-blue\"><div class=\"container\"><div class=\"inner-block inner-block-review\"><div class=\"row\"><div class=\"col-md-3\"><div class=\"our-review-infor\"><h2 class=\"title\">Nos avis<\/h2><a class=\"media pe-2\" href=\"https:\/\/www.amazon.ca\/stores\/page\/F7503DAC-1114-48CB-A748-BBF55FFFCBD5\" target=\"_blank\" rel=\"noopener\"><img decoding=\"async\" src=\"https:\/\/flexitol.ca\/wp-content\/uploads\/2023\/04\/amazon_ca.png\" alt=\"amazon ca\" width=\"200\" height=\"120\" loading=\"lazy\"\/><\/a><\/div><\/div><div class=\"col-md-9\"><div id=\"our-review-slider\" class=\"our-review-slider\">\n\n<div class=\"wp-block-column our-review-item is-layout-flow wp-block-column-is-layout-flow\">\n<p style=\"font-size:16px\">C&#8217;est une sensation incroyable! Ma peau a \u00e9t\u00e9 tellement s\u00e8che en raison de l\u2019hiver. <br>Elle p\u00e9n\u00e8tre parfaitement! Merci! Merci! Merci! Je ne manquerai pas de l&#8217;acheter et de le recommander!<\/p>\n\n\n\n<h2 class=\"wp-block-heading our-review-title\">Cynthia Hutchings, Missouri<\/h2>\n<\/div>\n\n\n\n\n\n<div class=\"wp-block-column our-review-item is-layout-flow wp-block-column-is-layout-flow\">\n<p style=\"font-size:16px\">Une seule application sur mes l\u00e8vres fendill\u00e9es, s\u00e8ches et gerc\u00e9es qui me d\u00e9mangent. <br>Enfin un Baume pour les l\u00e8vres de Flexitol. Le r\u00e9sultat est parfait.<\/p>\n\n\n\n<h2 class=\"wp-block-heading our-review-title\">Manon, Quebec<\/h2>\n<\/div>\n\n\n\n\n\n<div class=\"wp-block-column our-review-item is-layout-flow wp-block-column-is-layout-flow\">\n<p style=\"font-size:16px\">Je souffrais d&#8217;un gonflement des paupi\u00e8res et de d\u00e9mangeaisons. <br>J&#8217;ai rep\u00e9r\u00e9 cette cr\u00e8me dans un pr\u00e9sentoir Flexitol chez London Drugs et j&#8217;ai d\u00e9cid\u00e9 de l&#8217;essayer. <br>Un peu moins de deux semaines plus tard, mes paupi\u00e8res n&#8217;\u00e9taient plus gonfl\u00e9es et ma peau s\u00e8che a presque disparu.<\/p>\n\n\n\n<h2 class=\"wp-block-heading our-review-title\">Naomi Williams, Alberta<\/h2>\n<\/div>\n\n\n\n\n\n<div class=\"wp-block-column our-review-item is-layout-flow wp-block-column-is-layout-flow\">\n<p style=\"font-size:16px\">Je suis stup\u00e9faite de la rapidit\u00e9 d&#8217;action de ce produit. <br>J&#8217;ai essay\u00e9 plusieurs autres produits en plus d&#8217;utiliser une lime \u00e0 pied pour adoucir mes talons qui \u00e9taient devenus durs et secs. <br>C&#8217;est le seul produit qui a vraiment agi. J&#8217;ai remarqu\u00e9 une \u00c9NORME diff\u00e9rence au niveau de mes talons apr\u00e8s seulement 2 jours.<\/p>\n\n\n\n<h2 class=\"wp-block-heading our-review-title\">Wendy Beeson, California<\/h2>\n<\/div>\n\n\n\n\n\n<div class=\"wp-block-column our-review-item is-layout-flow wp-block-column-is-layout-flow\">\n<p class=\"our-review-content\">C&#8217;est incroyable! Ce devrait \u00eatre un crime de fonctionner aussi bien!<\/p>\n\n\n\n<h2 class=\"wp-block-heading our-review-title\">Sharon L Ward, Pennsylvania<\/h2>\n<\/div>\n\n<\/div><\/div><\/div><\/div><\/div><\/section>\n\n\n\n<section class=\"wp-block-mmd-logo-grid-block grid-block mmd-block full-width column-4 white icon only-img\"><div class=\"container\"><h2 class=\"title\"><strong><strong><strong>Telle que pr\u00e9sent\u00e9e<\/strong><\/strong><\/strong><\/h2><div class=\"description\">La marque et les produits Flexitol ont \u00e9t\u00e9 pr\u00e9sent\u00e9s dans un grand nombre de m\u00e9dias et de publications, y compris ceux pr\u00e9sent\u00e9s ici. Suivez le lien vers notre page \u00ab M\u00e9dias \u00bb o\u00f9 vous pouvez lire une s\u00e9rie d&#8217;articles de presse couvrant une vari\u00e9t\u00e9 de produits de notre vaste gamme.<\/div><div class=\"row\">\n<div class=\"wp-block-mmd-logo mmd-col-custom mmd-item-grid\"><div><div class=\"media-grid\"><img decoding=\"async\" src=\"https:\/\/flexitol.ca\/wp-content\/uploads\/2023\/05\/elle-canada-2-e1684824949952.png\" alt=\"ELLE Canada logo\" width=\"300\" height=\"108\" srcset=\"https:\/\/flexitol.ca\/wp-content\/uploads\/2023\/05\/elle-canada-2-300x115.png 300w\" sizes=\"auto, (max-width: 300px) 100vw, 300px\" loading=\"lazy\"\/><\/div><\/div><\/div>\n\n\n\n<div class=\"wp-block-mmd-logo mmd-col-custom mmd-item-grid\"><div><div class=\"media-grid\"><img decoding=\"async\" src=\"https:\/\/flexitol.ca\/wp-content\/uploads\/2023\/04\/vita-logo.png\" alt=\"vita logo\" width=\"300\" height=\"115\" srcset=\"https:\/\/flexitol.ca\/wp-content\/uploads\/2023\/04\/vita-logo-300x115.png 300w\" sizes=\"auto, (max-width: 300px) 100vw, 300px\" loading=\"lazy\"\/><\/div><\/div><\/div>\n\n\n\n<div class=\"wp-block-mmd-logo mmd-col-custom mmd-item-grid\"><div><div class=\"media-grid\"><img decoding=\"async\" src=\"https:\/\/flexitol.ca\/wp-content\/uploads\/2023\/04\/vancouver-is-awesome-logo.png\" alt=\"vancouver is awesome logo\" width=\"300\" height=\"115\" srcset=\"https:\/\/flexitol.ca\/wp-content\/uploads\/2023\/04\/vancouver-is-awesome-logo-300x115.png 300w\" sizes=\"auto, (max-width: 300px) 100vw, 300px\" loading=\"lazy\"\/><\/div><\/div><\/div>\n\n\n\n<div class=\"wp-block-mmd-logo mmd-col-custom mmd-item-grid\"><div><div class=\"media-grid\"><img decoding=\"async\" src=\"https:\/\/flexitol.ca\/wp-content\/uploads\/2023\/10\/instyle-homepage-logo.jpg\" alt=\"\" width=\"300\" height=\"87\" loading=\"lazy\"\/><\/div><\/div><\/div>\n\n\n\n<div class=\"wp-block-mmd-logo mmd-col-custom mmd-item-grid\"><div><div class=\"media-grid\"><img decoding=\"async\" src=\"https:\/\/flexitol.ca\/wp-content\/uploads\/2024\/06\/niche-logo.jpg\" alt=\"Niche logo\" width=\"300\" height=\"115\" sizes=\"auto, (max-width: 300px) 100vw, 300px\" loading=\"lazy\"\/><\/div><\/div><\/div>\n\n\n\n<div class=\"wp-block-mmd-logo mmd-col-custom mmd-item-grid\"><div><div class=\"media-grid\"><img decoding=\"async\" src=\"https:\/\/flexitol.ca\/wp-content\/uploads\/2023\/04\/canadian-logo.png\" alt=\"canadian logo\" width=\"300\" height=\"115\" srcset=\"https:\/\/flexitol.ca\/wp-content\/uploads\/2023\/04\/canadian-logo-300x115.png 300w\" sizes=\"auto, (max-width: 300px) 100vw, 300px\" loading=\"lazy\"\/><\/div><\/div><\/div>\n\n\n\n<div class=\"wp-block-mmd-logo mmd-col-custom mmd-item-grid\"><div><div class=\"media-grid\"><img decoding=\"async\" src=\"https:\/\/flexitol.ca\/wp-content\/uploads\/2023\/08\/cafe-mom-png-logo.png\" alt=\"cafe mom png logo\" width=\"225\" height=\"140\" srcset=\"https:\/\/flexitol.ca\/wp-content\/uploads\/2023\/08\/cafe-mom-png-logo-225x115.png 225w\" sizes=\"auto, (max-width: 300px) 100vw, 300px\" loading=\"lazy\"\/><\/div><\/div><\/div>\n<\/div><a class=\"btn-custom btn-grid-block\" target=\"_self\" rel=\"noopener\" href=\"https:\/\/flexitol.ca\/fr\/dans-les-medias\/\"> D\u00e9couvrez-nous dans les m\u00e9dias <\/a><\/div><\/section>\n","protected":false},"excerpt":{"rendered":"","protected":false},"featured_media":13843,"template":"","product_cat":[63],"tax-areas":[130],"tax-condition":[48,171,128,129,47],"class_list":["post-9685","product","type-product","status-publish","has-post-thumbnail","hentry","product_cat-hair-and-scalp-care","tax-area-hair-scalp","tax-condition-sensitive-skin","tax-condition-itchy-scalp","tax-condition-eczema-prone-skin","tax-condition-daily-use","tax-condition-very-dry-skin","tax-icon-aus-made-owned","tax-icon-urea-powered","tax-icon-clinically-tested","tax-icon-dermatologist","tax-icon-paraben-free","tax-icon-sensitive-skin","tax-icon-no-prescription","tax-icon-soap-sls-free"],"acf":[],"_links":{"self":[{"href":"https:\/\/flexitol.ca\/fr\/wp-json\/wp\/v2\/product\/9685","targetHints":{"allow":["GET"]}}],"collection":[{"href":"https:\/\/flexitol.ca\/fr\/wp-json\/wp\/v2\/product"}],"about":[{"href":"https:\/\/flexitol.ca\/fr\/wp-json\/wp\/v2\/types\/product"}],"version-history":[{"count":16,"href":"https:\/\/flexitol.ca\/fr\/wp-json\/wp\/v2\/product\/9685\/revisions"}],"predecessor-version":[{"id":12380,"href":"https:\/\/flexitol.ca\/fr\/wp-json\/wp\/v2\/product\/9685\/revisions\/12380"}],"wp:featuredmedia":[{"embeddable":true,"href":"https:\/\/flexitol.ca\/fr\/wp-json\/wp\/v2\/media\/13843"}],"wp:attachment":[{"href":"https:\/\/flexitol.ca\/fr\/wp-json\/wp\/v2\/media?parent=9685"}],"wp:term":[{"taxonomy":"product_cat","embeddable":true,"href":"https:\/\/flexitol.ca\/fr\/wp-json\/wp\/v2\/product_cat?post=9685"},{"taxonomy":"tax-area","embeddable":true,"href":"https:\/\/flexitol.ca\/fr\/wp-json\/wp\/v2\/tax-areas?post=9685"},{"taxonomy":"tax-condition","embeddable":true,"href":"https:\/\/flexitol.ca\/fr\/wp-json\/wp\/v2\/tax-condition?post=9685"}],"curies":[{"name":"wp","href":"https:\/\/api.w.org\/{rel}","templated":true}]}}