
{"id":9802,"date":"2022-01-17T20:53:23","date_gmt":"2022-01-17T09:53:23","guid":{"rendered":"https:\/\/flexitol.ca\/product\/baume-pour-les-levres-a-saveur-de-menthe\/"},"modified":"2024-07-31T15:36:49","modified_gmt":"2024-07-31T05:36:49","slug":"baume-pour-les-levres-a-saveur-de-menthe","status":"publish","type":"product","link":"https:\/\/flexitol.ca\/fr\/produit\/baume-pour-les-levres-a-saveur-de-menthe\/","title":{"rendered":"Baume pour les l\u00e8vres \u00e0 saveur de menthe"},"content":{"rendered":"\n<section class=\"wp-block-mmd-product-grid-block product grid-block mmd-block full-width column-4 white\"><div class=\"container\"><h2 class=\"title\">Vous pourriez \u00e9galement \u00eatre int\u00e9ress\u00e9 par<\/h2><div class=\"description\"><\/div><div class='row'><div class='mmd-col-custom mmd-item-grid'>\n                <div class='media-grid'>\n                  <a href='https:\/\/flexitol.ca\/fr\/produit\/baume-a-levres-original\/' aria-label='View more about Baume pour les l\u00e8vres \u2013 original'>\n                    <img decoding=\"async\" width=\"526\" height=\"471\" src=\"https:\/\/flexitol.ca\/wp-content\/uploads\/2022\/01\/can_lip-balm-original-packshots_web2-1-526x471.png\" class=\"attachment-product_image size-product_image\" alt=\"Flexitol ip balm original\" srcset=\"https:\/\/flexitol.ca\/wp-content\/uploads\/2022\/01\/can_lip-balm-original-packshots_web2-1-526x471.png 526w, https:\/\/flexitol.ca\/wp-content\/uploads\/2022\/01\/can_lip-balm-original-packshots_web2-1-312x279.png 312w\" sizes=\"(max-width: 526px) 100vw, 526px\" \/>\n                    \n                  <\/a>\n                <\/div>\n                <div class='content-grid'>\n                  <div class='mmd-block mmd-block--action'>\n                    <a class='btn-custom btn-full-width' href='https:\/\/flexitol.ca\/fr\/produit\/baume-a-levres-original\/'>Voir le produit<\/a>\n                  <\/div>\n                  <a href='https:\/\/flexitol.ca\/fr\/produit\/baume-a-levres-original\/'><h3 class='title-item'>Baume pour les l\u00e8vres \u2013 original<\/h3><\/a>\n                  \n                  <div class=\"stars-number\"><div class=\"stars\" role=\"img\" style=\"--rating: 4.5\" aria-label=\"Rating of this product is 4.5 out of 5.\"><\/div><span class=\"numbers\">1532  <span class=\"numbers-reviews\"> avis<\/span><\/span> <\/div>\n                <\/div>\n            <\/div><div class='mmd-col-custom mmd-item-grid'>\n                <div class='media-grid'>\n                  <a href='https:\/\/flexitol.ca\/fr\/produit\/baie-de-baume-a-levres\/' aria-label='View more about Baume pour les l\u00e8vres \u00e0 saveur de baies'>\n                    <img decoding=\"async\" width=\"460\" height=\"430\" src=\"https:\/\/flexitol.ca\/wp-content\/uploads\/2022\/01\/fl_can_lip-balm-berry_web_800x748_2_0.png\" class=\"attachment-product_image size-product_image\" alt=\"\" srcset=\"https:\/\/flexitol.ca\/wp-content\/uploads\/2022\/01\/fl_can_lip-balm-berry_web_800x748_2_0.png 460w, https:\/\/flexitol.ca\/wp-content\/uploads\/2022\/01\/fl_can_lip-balm-berry_web_800x748_2_0-300x280.png 300w, https:\/\/flexitol.ca\/wp-content\/uploads\/2022\/01\/fl_can_lip-balm-berry_web_800x748_2_0-81x76.png 81w\" sizes=\"(max-width: 460px) 100vw, 460px\" \/>\n                    \n                  <\/a>\n                <\/div>\n                <div class='content-grid'>\n                  <div class='mmd-block mmd-block--action'>\n                    <a class='btn-custom btn-full-width' href='https:\/\/flexitol.ca\/fr\/produit\/baie-de-baume-a-levres\/'>Voir le produit<\/a>\n                  <\/div>\n                  <a href='https:\/\/flexitol.ca\/fr\/produit\/baie-de-baume-a-levres\/'><h3 class='title-item'>Baume pour les l\u00e8vres \u00e0 saveur de baies<\/h3><\/a>\n                  \n                  <div class=\"stars-number\"><div class=\"stars\" role=\"img\" style=\"--rating: 4.5\" aria-label=\"Rating of this product is 4.5 out of 5.\"><\/div><span class=\"numbers\">1532  <span class=\"numbers-reviews\"> avis<\/span><\/span> <\/div>\n                <\/div>\n            <\/div><div class='mmd-col-custom mmd-item-grid'>\n                <div class='media-grid'>\n                  <a href='https:\/\/flexitol.ca\/fr\/produit\/nettoyant-pour-la-peau-sensible\/' aria-label='View more about Nettoyant pour la peau sensible'>\n                    <img decoding=\"async\" width=\"526\" height=\"471\" src=\"https:\/\/flexitol.ca\/wp-content\/uploads\/2022\/01\/fl_can_ssw_web_800x748_3-526x471.png\" class=\"attachment-product_image size-product_image\" alt=\"\" srcset=\"https:\/\/flexitol.ca\/wp-content\/uploads\/2022\/01\/fl_can_ssw_web_800x748_3-526x471.png 526w, https:\/\/flexitol.ca\/wp-content\/uploads\/2022\/01\/fl_can_ssw_web_800x748_3-312x279.png 312w\" sizes=\"(max-width: 526px) 100vw, 526px\" \/>\n                    \n                  <\/a>\n                <\/div>\n                <div class='content-grid'>\n                  <div class='mmd-block mmd-block--action'>\n                    <a class='btn-custom btn-full-width' href='https:\/\/flexitol.ca\/fr\/produit\/nettoyant-pour-la-peau-sensible\/'>Voir le produit<\/a>\n                  <\/div>\n                  <a href='https:\/\/flexitol.ca\/fr\/produit\/nettoyant-pour-la-peau-sensible\/'><h3 class='title-item'>Nettoyant pour la peau sensible<\/h3><\/a>\n                  \n                  <div class=\"stars-number\"><div class=\"stars\" role=\"img\" style=\"--rating: 4.4\" aria-label=\"Rating of this product is 4.4 out of 5.\"><\/div><span class=\"numbers\">80  <span class=\"numbers-reviews\"> avis<\/span><\/span> <\/div>\n                <\/div>\n            <\/div><\/div><\/div><\/section>\n\n\n\n<section class=\"wp-block-mmd-our-review-block our-reviews-block light-green full-width light-blue\"><div class=\"container\"><div class=\"inner-block inner-block-review\"><div class=\"row\"><div class=\"col-md-3\"><div class=\"our-review-infor\"><h2 class=\"title\">Nos avis<\/h2><a class=\"media pe-2\" href=\"https:\/\/www.amazon.ca\/stores\/page\/F7503DAC-1114-48CB-A748-BBF55FFFCBD5\" target=\"_blank\" rel=\"noopener\"><img decoding=\"async\" src=\"https:\/\/flexitol.ca\/wp-content\/uploads\/2023\/04\/amazon_ca.png\" alt=\"amazon ca\" width=\"200\" height=\"120\" loading=\"lazy\"\/><\/a><\/div><\/div><div class=\"col-md-9\"><div id=\"our-review-slider\" class=\"our-review-slider\">\n\n<div class=\"wp-block-column our-review-item is-layout-flow wp-block-column-is-layout-flow\">\n<p style=\"font-size:16px\">Une seule application sur mes l\u00e8vres fendill\u00e9es, s\u00e8ches et gerc\u00e9es qui me d\u00e9mangent. <br>Enfin un Baume pour les l\u00e8vres de Flexitol. Le r\u00e9sultat est parfait.<\/p>\n\n\n\n<h2 class=\"wp-block-heading our-review-title\">Manon, Qu\u00e9bec<\/h2>\n<\/div>\n\n\n\n\n\n<div class=\"wp-block-column our-review-item is-layout-flow wp-block-column-is-layout-flow\">\n<p><\/p>\n\n\n\n<p style=\"font-size:16px\">Ce produit a chang\u00e9 la donne! <br>Je l&#8217;utilise plusieurs fois par jour et j&#8217;en ai un tube dans toute la maison, dans mon sac \u00e0 main, dans ma voiture. <br>J&#8217;en ai parl\u00e9 \u00e0 mon m\u00e9decin, pour qu&#8217;il puisse le recommander \u00e0 ses patients dont les l\u00e8vres sont tr\u00e8s gerc\u00e9es.<\/p>\n\n\n\n<h2 class=\"wp-block-heading our-review-title\">Karen Mercer, Texas<\/h2>\n<\/div>\n\n\n\n\n\n<div class=\"wp-block-column our-review-item is-layout-flow wp-block-column-is-layout-flow\">\n<p style=\"font-size:16px\">Je ne saurais trop exprimer \u00e0 quel point ce Baume pour les l\u00e8vres a litt\u00e9ralement chang\u00e9 ma vie. <br>Je suis sous Accutane et je ne pouvais pas sourire, rire, manger un sandwich ou m\u00eame ouvrir la bouche jusqu&#8217;\u00e0 ce que je trouve ce produit. Honn\u00eatement, c&#8217;est comme si mes l\u00e8vres \u00e9taient redevenues normales et endurer ces 4 prochains mois sera un jeu d&#8217;enfant gr\u00e2ce \u00e0 CE BAUME POUR LES L\u00c8VRES.<\/p>\n\n\n\n<h2 class=\"wp-block-heading our-review-title\">Ashlyn, Louisiane<\/h2>\n<\/div>\n\n\n\n\n\n<div class=\"wp-block-column our-review-item is-layout-flow wp-block-column-is-layout-flow\">\n<p style=\"font-size:16px\">Je souffrais d&#8217;un gonflement des paupi\u00e8res et de d\u00e9mangeaisons. <br>J&#8217;ai rep\u00e9r\u00e9 cette cr\u00e8me dans un pr\u00e9sentoir Flexitol chez London Drugs et j&#8217;ai d\u00e9cid\u00e9 de l&#8217;essayer. <br>Un peu moins de deux semaines plus tard, mes paupi\u00e8res n&#8217;\u00e9taient plus gonfl\u00e9es et ma peau s\u00e8che a presque disparu.<\/p>\n\n\n\n<h2 class=\"wp-block-heading our-review-title\">Naomi Williams, Alberta<\/h2>\n<\/div>\n\n<\/div><\/div><\/div><\/div><\/div><\/section>\n\n\n\n<section class=\"wp-block-mmd-logo-grid-block grid-block mmd-block full-width column-4 white icon only-img\"><div class=\"container\"><h2 class=\"title\"><strong><strong><strong>Telle que pr\u00e9sent\u00e9e<\/strong><\/strong><\/strong><\/h2><div class=\"description\">La marque et les produits Flexitol ont \u00e9t\u00e9 pr\u00e9sent\u00e9s dans un grand nombre de m\u00e9dias et de publications, y compris ceux pr\u00e9sent\u00e9s ici. Suivez le lien vers notre page \u00ab M\u00e9dias \u00bb o\u00f9 vous pouvez lire une s\u00e9rie d&#8217;articles de presse couvrant une vari\u00e9t\u00e9 de produits de notre vaste gamme.<\/div><div class=\"row\">\n<div class=\"wp-block-mmd-logo mmd-col-custom mmd-item-grid\"><div><div class=\"media-grid\"><img decoding=\"async\" src=\"https:\/\/flexitol.ca\/wp-content\/uploads\/2023\/05\/elle-canada-2-e1684824949952.png\" alt=\"ELLE Canada logo\" width=\"300\" height=\"108\" srcset=\"https:\/\/flexitol.ca\/wp-content\/uploads\/2023\/05\/elle-canada-2-300x115.png 300w\" sizes=\"auto, (max-width: 300px) 100vw, 300px\" loading=\"lazy\"\/><\/div><\/div><\/div>\n\n\n\n<div class=\"wp-block-mmd-logo mmd-col-custom mmd-item-grid\"><div><div class=\"media-grid\"><img decoding=\"async\" src=\"https:\/\/flexitol.ca\/wp-content\/uploads\/2023\/04\/vita-logo.png\" alt=\"vita logo\" width=\"300\" height=\"115\" srcset=\"https:\/\/flexitol.ca\/wp-content\/uploads\/2023\/04\/vita-logo-300x115.png 300w\" sizes=\"auto, (max-width: 300px) 100vw, 300px\" loading=\"lazy\"\/><\/div><\/div><\/div>\n\n\n\n<div class=\"wp-block-mmd-logo mmd-col-custom mmd-item-grid\"><div><div class=\"media-grid\"><img decoding=\"async\" src=\"https:\/\/flexitol.ca\/wp-content\/uploads\/2023\/04\/vancouver-is-awesome-logo.png\" alt=\"vancouver is awesome logo\" width=\"300\" height=\"115\" srcset=\"https:\/\/flexitol.ca\/wp-content\/uploads\/2023\/04\/vancouver-is-awesome-logo-300x115.png 300w\" sizes=\"auto, (max-width: 300px) 100vw, 300px\" loading=\"lazy\"\/><\/div><\/div><\/div>\n\n\n\n<div class=\"wp-block-mmd-logo mmd-col-custom mmd-item-grid\"><div><div class=\"media-grid\"><img decoding=\"async\" src=\"https:\/\/flexitol.ca\/wp-content\/uploads\/2023\/10\/instyle-homepage-logo.jpg\" alt=\"\" width=\"300\" height=\"87\" loading=\"lazy\"\/><\/div><\/div><\/div>\n\n\n\n<div class=\"wp-block-mmd-logo mmd-col-custom mmd-item-grid\"><div><div class=\"media-grid\"><img decoding=\"async\" src=\"https:\/\/flexitol.ca\/wp-content\/uploads\/2024\/06\/niche-logo.jpg\" alt=\"Niche logo\" width=\"300\" height=\"115\" sizes=\"auto, (max-width: 300px) 100vw, 300px\" loading=\"lazy\"\/><\/div><\/div><\/div>\n\n\n\n<div class=\"wp-block-mmd-logo mmd-col-custom mmd-item-grid\"><div><div class=\"media-grid\"><img decoding=\"async\" src=\"https:\/\/flexitol.ca\/wp-content\/uploads\/2023\/04\/canadian-logo.png\" alt=\"canadian logo\" width=\"300\" height=\"115\" srcset=\"https:\/\/flexitol.ca\/wp-content\/uploads\/2023\/04\/canadian-logo-300x115.png 300w\" sizes=\"auto, (max-width: 300px) 100vw, 300px\" loading=\"lazy\"\/><\/div><\/div><\/div>\n\n\n\n<div class=\"wp-block-mmd-logo mmd-col-custom mmd-item-grid\"><div><div class=\"media-grid\"><img decoding=\"async\" src=\"https:\/\/flexitol.ca\/wp-content\/uploads\/2023\/08\/cafe-mom-png-logo.png\" alt=\"cafe mom png logo\" width=\"225\" height=\"140\" srcset=\"https:\/\/flexitol.ca\/wp-content\/uploads\/2023\/08\/cafe-mom-png-logo-225x115.png 225w\" sizes=\"auto, (max-width: 300px) 100vw, 300px\" loading=\"lazy\"\/><\/div><\/div><\/div>\n<\/div><a class=\"btn-custom btn-grid-block\" target=\"_self\" rel=\"noopener\" href=\"https:\/\/flexitol.ca\/fr\/dans-les-medias\/\"> D\u00e9couvrez-nous dans les m\u00e9dias <\/a><\/div><\/section>\n","protected":false},"excerpt":{"rendered":"","protected":false},"featured_media":8585,"template":"","product_cat":[62],"tax-areas":[20],"tax-condition":[58,129],"class_list":["post-9802","product","type-product","status-publish","has-post-thumbnail","hentry","product_cat-lip-care","tax-area-face-lip","tax-condition-chapped-lips","tax-condition-daily-use","tax-icon-aus-made-owned","tax-icon-clinically-tested","tax-icon-visible-result","tax-icon-paraben-free","tax-icon-urea-powered"],"acf":[],"_links":{"self":[{"href":"https:\/\/flexitol.ca\/fr\/wp-json\/wp\/v2\/product\/9802","targetHints":{"allow":["GET"]}}],"collection":[{"href":"https:\/\/flexitol.ca\/fr\/wp-json\/wp\/v2\/product"}],"about":[{"href":"https:\/\/flexitol.ca\/fr\/wp-json\/wp\/v2\/types\/product"}],"version-history":[{"count":8,"href":"https:\/\/flexitol.ca\/fr\/wp-json\/wp\/v2\/product\/9802\/revisions"}],"predecessor-version":[{"id":11171,"href":"https:\/\/flexitol.ca\/fr\/wp-json\/wp\/v2\/product\/9802\/revisions\/11171"}],"wp:featuredmedia":[{"embeddable":true,"href":"https:\/\/flexitol.ca\/fr\/wp-json\/wp\/v2\/media\/8585"}],"wp:attachment":[{"href":"https:\/\/flexitol.ca\/fr\/wp-json\/wp\/v2\/media?parent=9802"}],"wp:term":[{"taxonomy":"product_cat","embeddable":true,"href":"https:\/\/flexitol.ca\/fr\/wp-json\/wp\/v2\/product_cat?post=9802"},{"taxonomy":"tax-area","embeddable":true,"href":"https:\/\/flexitol.ca\/fr\/wp-json\/wp\/v2\/tax-areas?post=9802"},{"taxonomy":"tax-condition","embeddable":true,"href":"https:\/\/flexitol.ca\/fr\/wp-json\/wp\/v2\/tax-condition?post=9802"}],"curies":[{"name":"wp","href":"https:\/\/api.w.org\/{rel}","templated":true}]}}